{"id":23,"date":"2026-02-17T19:15:47","date_gmt":"2026-02-17T19:15:47","guid":{"rendered":"https:\/\/ginmarket.hu\/?page_id=23"},"modified":"2026-04-17T21:15:18","modified_gmt":"2026-04-17T21:15:18","slug":"gin-fesztival-budapest","status":"publish","type":"page","link":"https:\/\/ginmarket.hu\/en\/","title":{"rendered":"Gin Market"},"content":{"rendered":"<div data-elementor-type=\"wp-page\" data-elementor-id=\"23\" class=\"elementor elementor-23\" data-elementor-post-type=\"page\">\n\t\t\t\t<div class=\"elementor-element elementor-element-5b16fcb e-con-full e-flex e-con e-parent\" data-id=\"5b16fcb\" data-element_type=\"container\" data-e-type=\"container\" data-settings=\"{&quot;background_background&quot;:&quot;classic&quot;}\">\n\t\t<div class=\"elementor-element elementor-element-e102192 e-grid e-con-boxed e-con e-child\" data-id=\"e102192\" data-element_type=\"container\" data-e-type=\"container\">\n\t\t\t\t\t<div class=\"e-con-inner\">\n\t\t\t\t<div class=\"elementor-element elementor-element-da449d7 elementor-hidden-mobile elementor-hidden-tablet elementor-widget elementor-widget-image\" data-id=\"da449d7\" data-element_type=\"widget\" data-e-type=\"widget\" data-widget_type=\"image.default\">\n\t\t\t\t\t\t\t\t\t\t\t\t\t\t\t<img fetchpriority=\"high\" decoding=\"async\" width=\"2484\" height=\"2560\" src=\"https:\/\/ginmarket.hu\/wp-content\/uploads\/2026\/04\/GMB-logo-scaled.webp\" class=\"attachment-large size-large wp-image-415\" alt=\"GMB logo\" srcset=\"https:\/\/ginmarket.hu\/wp-content\/uploads\/2026\/04\/GMB-logo-scaled.webp 2484w, https:\/\/ginmarket.hu\/wp-content\/uploads\/2026\/04\/GMB-logo-768x792.webp 768w, https:\/\/ginmarket.hu\/wp-content\/uploads\/2026\/04\/GMB-logo-1490x1536.webp 1490w, https:\/\/ginmarket.hu\/wp-content\/uploads\/2026\/04\/GMB-logo-1987x2048.webp 1987w, https:\/\/ginmarket.hu\/wp-content\/uploads\/2026\/04\/GMB-logo-12x12.webp 12w\" sizes=\"(max-width: 2484px) 100vw, 2484px\" \/>\t\t\t\t\t\t\t\t\t\t\t\t\t\t\t<\/div>\n\t\t\t\t\t<\/div>\n\t\t\t\t<\/div>\n\t\t\t\t<\/div>\n\t\t<div class=\"elementor-element elementor-element-5f0f7bb e-flex e-con-boxed e-con e-parent\" data-id=\"5f0f7bb\" data-element_type=\"container\" data-e-type=\"container\">\n\t\t\t\t\t<div class=\"e-con-inner\">\n\t\t\t\t<div class=\"elementor-element elementor-element-3f06873 elementor-widget elementor-widget-heading\" data-id=\"3f06873\" data-element_type=\"widget\" data-e-type=\"widget\" data-widget_type=\"heading.default\">\n\t\t\t\t\t<h1 class=\"elementor-heading-title elementor-size-default\">June 12 - 13, 2026.<\/h1>\t\t\t\t<\/div>\n\t\t\t\t<div class=\"elementor-element elementor-element-d0ca18e elementor-widget elementor-widget-heading\" data-id=\"d0ca18e\" data-element_type=\"widget\" data-e-type=\"widget\" data-widget_type=\"heading.default\">\n\t\t\t\t\t<h3 class=\"elementor-heading-title elementor-size-default\">V\u00e1rosh\u00e1za Park (1052 Budapest, K\u00e1roly k\u00f6r\u00fat)<\/h3>\t\t\t\t<\/div>\n\t\t\t\t\t<\/div>\n\t\t\t\t<\/div>\n\t\t<div class=\"elementor-element elementor-element-d4ae79a e-flex e-con-boxed e-con e-parent\" data-id=\"d4ae79a\" data-element_type=\"container\" data-e-type=\"container\" data-settings=\"{&quot;background_background&quot;:&quot;classic&quot;}\">\n\t\t\t\t\t<div class=\"e-con-inner\">\n\t\t\t\t<div class=\"elementor-element elementor-element-467fbb8 elementor-align-center elementor-widget elementor-widget-button\" data-id=\"467fbb8\" data-element_type=\"widget\" data-e-type=\"widget\" data-widget_type=\"button.default\">\n\t\t\t\t\t\t\t\t\t\t<a class=\"elementor-button elementor-button-link elementor-size-sm\" href=\"https:\/\/cooltix.hu\/event\/68c1b130821d3673604c8011\">\n\t\t\t\t\t\t<span class=\"elementor-button-content-wrapper\">\n\t\t\t\t\t\t\t\t\t<span class=\"elementor-button-text\">Discounted tickets<\/span>\n\t\t\t\t\t<\/span>\n\t\t\t\t\t<\/a>\n\t\t\t\t\t\t\t\t<\/div>\n\t\t\t\t\t<\/div>\n\t\t\t\t<\/div>\n\t\t<div class=\"elementor-element elementor-element-87cf359 e-flex e-con-boxed e-con e-parent\" data-id=\"87cf359\" data-element_type=\"container\" data-e-type=\"container\" data-settings=\"{&quot;background_background&quot;:&quot;video&quot;,&quot;background_video_link&quot;:&quot;https:\\\/\\\/ginmarket.hu\\\/wp-content\\\/uploads\\\/2026\\\/03\\\/videoplayback.mp4&quot;,&quot;background_play_on_mobile&quot;:&quot;yes&quot;}\">\n\t\t\t\t\t<div class=\"e-con-inner\">\n\t\t<div class=\"elementor-background-video-container\">\n\t\t\t\t\t\t\t<video class=\"elementor-background-video-hosted\" role=\"presentation\" autoplay muted playsinline loop><\/video>\n\t\t\t\t\t<\/div>\t\t\t<\/div>\n\t\t\t\t<\/div>\n\t\t<div class=\"elementor-element elementor-element-84aa157 e-con-full e-flex e-con e-parent\" data-id=\"84aa157\" data-element_type=\"container\" data-e-type=\"container\">\n\t\t\t\t<div class=\"elementor-element elementor-element-e218d02 elementor-widget-divider--view-line_text elementor-widget-divider--element-align-center elementor-widget elementor-widget-divider\" data-id=\"e218d02\" data-element_type=\"widget\" data-e-type=\"widget\" data-widget_type=\"divider.default\">\n\t\t\t\t\t\t\t<div class=\"elementor-divider\">\n\t\t\t<span class=\"elementor-divider-separator\">\n\t\t\t\t\t\t\t<span class=\"elementor-divider__text elementor-divider__element\">\n\t\t\t\tOur Sponsors\t\t\t\t<\/span>\n\t\t\t\t\t\t<\/span>\n\t\t<\/div>\n\t\t\t\t\t\t<\/div>\n\t\t\t\t<\/div>\n\t\t<div class=\"elementor-element elementor-element-ea43a7f e-flex e-con-boxed e-con e-parent\" data-id=\"ea43a7f\" data-element_type=\"container\" data-e-type=\"container\">\n\t\t\t\t\t<div class=\"e-con-inner\">\n\t\t<div class=\"elementor-element elementor-element-34bc6c9 e-con-full e-flex e-con e-child\" data-id=\"34bc6c9\" data-element_type=\"container\" data-e-type=\"container\">\n\t\t\t\t<div class=\"elementor-element elementor-element-a703ea0 elementor-widget elementor-widget-image\" data-id=\"a703ea0\" data-element_type=\"widget\" data-e-type=\"widget\" data-widget_type=\"image.default\">\n\t\t\t\t\t\t\t\t\t\t\t\t\t\t\t<img decoding=\"async\" width=\"300\" height=\"300\" src=\"https:\/\/ginmarket.hu\/wp-content\/uploads\/2026\/04\/ginmarket-tamogato-001.webp\" class=\"attachment-large size-large wp-image-405\" alt=\"ginmarket tamogato 001\" srcset=\"https:\/\/ginmarket.hu\/wp-content\/uploads\/2026\/04\/ginmarket-tamogato-001.webp 300w, https:\/\/ginmarket.hu\/wp-content\/uploads\/2026\/04\/ginmarket-tamogato-001-150x150.webp 150w, https:\/\/ginmarket.hu\/wp-content\/uploads\/2026\/04\/ginmarket-tamogato-001-12x12.webp 12w\" sizes=\"(max-width: 300px) 100vw, 300px\" \/>\t\t\t\t\t\t\t\t\t\t\t\t\t\t\t<\/div>\n\t\t\t\t<\/div>\n\t\t<div class=\"elementor-element elementor-element-9f2ff5a e-con-full e-flex e-con e-child\" data-id=\"9f2ff5a\" data-element_type=\"container\" data-e-type=\"container\">\n\t\t\t\t<div class=\"elementor-element elementor-element-fde8184 elementor-widget elementor-widget-image\" data-id=\"fde8184\" data-element_type=\"widget\" data-e-type=\"widget\" data-widget_type=\"image.default\">\n\t\t\t\t\t\t\t\t\t\t\t\t\t\t\t<img decoding=\"async\" width=\"300\" height=\"300\" src=\"https:\/\/ginmarket.hu\/wp-content\/uploads\/2026\/04\/ginmarket-tamogato-002.webp\" class=\"attachment-large size-large wp-image-406\" alt=\"ginmarket tamogato 002\" srcset=\"https:\/\/ginmarket.hu\/wp-content\/uploads\/2026\/04\/ginmarket-tamogato-002.webp 300w, https:\/\/ginmarket.hu\/wp-content\/uploads\/2026\/04\/ginmarket-tamogato-002-150x150.webp 150w, https:\/\/ginmarket.hu\/wp-content\/uploads\/2026\/04\/ginmarket-tamogato-002-12x12.webp 12w\" sizes=\"(max-width: 300px) 100vw, 300px\" \/>\t\t\t\t\t\t\t\t\t\t\t\t\t\t\t<\/div>\n\t\t\t\t<\/div>\n\t\t<div class=\"elementor-element elementor-element-b106878 e-con-full e-flex e-con e-child\" data-id=\"b106878\" data-element_type=\"container\" data-e-type=\"container\">\n\t\t\t\t<div class=\"elementor-element elementor-element-94b74a8 elementor-widget elementor-widget-image\" data-id=\"94b74a8\" data-element_type=\"widget\" data-e-type=\"widget\" data-widget_type=\"image.default\">\n\t\t\t\t\t\t\t\t\t\t\t\t\t\t\t<img loading=\"lazy\" decoding=\"async\" width=\"300\" height=\"300\" src=\"https:\/\/ginmarket.hu\/wp-content\/uploads\/2026\/04\/ginmarket-tamogato-003.webp\" class=\"attachment-large size-large wp-image-407\" alt=\"ginmarket tamogato 003\" srcset=\"https:\/\/ginmarket.hu\/wp-content\/uploads\/2026\/04\/ginmarket-tamogato-003.webp 300w, https:\/\/ginmarket.hu\/wp-content\/uploads\/2026\/04\/ginmarket-tamogato-003-150x150.webp 150w, https:\/\/ginmarket.hu\/wp-content\/uploads\/2026\/04\/ginmarket-tamogato-003-12x12.webp 12w\" sizes=\"(max-width: 300px) 100vw, 300px\" \/>\t\t\t\t\t\t\t\t\t\t\t\t\t\t\t<\/div>\n\t\t\t\t<\/div>\n\t\t<div class=\"elementor-element elementor-element-14f2aff e-con-full e-flex e-con e-child\" data-id=\"14f2aff\" data-element_type=\"container\" data-e-type=\"container\">\n\t\t\t\t<div class=\"elementor-element elementor-element-2922523 elementor-widget elementor-widget-image\" data-id=\"2922523\" data-element_type=\"widget\" data-e-type=\"widget\" data-widget_type=\"image.default\">\n\t\t\t\t\t\t\t\t\t\t\t\t\t\t\t<img loading=\"lazy\" decoding=\"async\" width=\"500\" height=\"500\" src=\"https:\/\/ginmarket.hu\/wp-content\/uploads\/2026\/04\/Kiallitoi-logok-2026-11.png\" class=\"attachment-large size-large wp-image-569\" alt=\"Mellow Mood\" srcset=\"https:\/\/ginmarket.hu\/wp-content\/uploads\/2026\/04\/Kiallitoi-logok-2026-11.png 500w, https:\/\/ginmarket.hu\/wp-content\/uploads\/2026\/04\/Kiallitoi-logok-2026-11-150x150.png 150w, https:\/\/ginmarket.hu\/wp-content\/uploads\/2026\/04\/Kiallitoi-logok-2026-11-12x12.png 12w\" sizes=\"(max-width: 500px) 100vw, 500px\" \/>\t\t\t\t\t\t\t\t\t\t\t\t\t\t\t<\/div>\n\t\t\t\t<\/div>\n\t\t\t\t\t<\/div>\n\t\t\t\t<\/div>\n\t\t\t\t<\/div>","protected":false},"excerpt":{"rendered":"<p>2026. j\u00fanius 12 &#8211; 13. V\u00e1rosh\u00e1za Park (1052 Budapest, K\u00e1roly k\u00f6r\u00fat) Kedvezm\u00e9nyes jegyek T\u00e1mogat\u00f3ink<\/p>","protected":false},"author":1,"featured_media":0,"parent":0,"menu_order":0,"comment_status":"closed","ping_status":"closed","template":"","meta":{"site-sidebar-layout":"no-sidebar","site-content-layout":"","ast-site-content-layout":"full-width-container","site-content-style":"default","site-sidebar-style":"default","ast-global-header-display":"","ast-banner-title-visibility":"","ast-main-header-display":"","ast-hfb-above-header-display":"","ast-hfb-below-header-display":"","ast-hfb-mobile-header-display":"","site-post-title":"","ast-breadcrumbs-content":"","ast-featured-img":"disabled","footer-sml-layout":"","ast-disable-related-posts":"","theme-transparent-header-meta":"default","adv-header-id-meta":"","stick-header-meta":"","header-above-stick-meta":"","header-main-stick-meta":"","header-below-stick-meta":"","astra-migrate-meta-layouts":"set","ast-page-background-enabled":"default","ast-page-background-meta":{"desktop":{"background-color":"var(--ast-global-color-5)","background-image":"","background-repeat":"repeat","background-position":"center center","background-size":"auto","background-attachment":"scroll","background-type":"","background-media":"","overlay-type":"","overlay-color":"","overlay-opacity":"","overlay-gradient":""},"tablet":{"background-color":"","background-image":"","background-repeat":"repeat","background-position":"center center","background-size":"auto","background-attachment":"scroll","background-type":"","background-media":"","overlay-type":"","overlay-color":"","overlay-opacity":"","overlay-gradient":""},"mobile":{"background-color":"","background-image":"","background-repeat":"repeat","background-position":"center center","background-size":"auto","background-attachment":"scroll","background-type":"","background-media":"","overlay-type":"","overlay-color":"","overlay-opacity":"","overlay-gradient":""}},"ast-content-background-meta":{"desktop":{"background-color":"var(--ast-global-color-4)","background-image":"","background-repeat":"repeat","background-position":"center center","background-size":"auto","background-attachment":"scroll","background-type":"","background-media":"","overlay-type":"","overlay-color":"","overlay-opacity":"","overlay-gradient":""},"tablet":{"background-color":"var(--ast-global-color-4)","background-image":"","background-repeat":"repeat","background-position":"center center","background-size":"auto","background-attachment":"scroll","background-type":"","background-media":"","overlay-type":"","overlay-color":"","overlay-opacity":"","overlay-gradient":""},"mobile":{"background-color":"var(--ast-global-color-4)","background-image":"","background-repeat":"repeat","background-position":"center center","background-size":"auto","background-attachment":"scroll","background-type":"","background-media":"","overlay-type":"","overlay-color":"","overlay-opacity":"","overlay-gradient":""}},"footnotes":""},"class_list":["post-23","page","type-page","status-publish","hentry"],"yoast_head":"<!-- This site is optimized with the Yoast SEO plugin v27.3 - https:\/\/yoast.com\/product\/yoast-seo-wordpress\/ -->\n<title>Gin Market - Ginmarket<\/title>\n<meta name=\"description\" content=\"L\u00e1togass el a Gin Market Budapest rendezv\u00e9nyre a V\u00e1rosh\u00e1za Parkba! Gin, rum, tequila, k\u00f3stol\u00f3k, koncertek, DJ-k \u00e9s ny\u00e1ri fesztiv\u00e1lhangulat.\" \/>\n<meta name=\"robots\" content=\"index, follow, max-snippet:-1, max-image-preview:large, max-video-preview:-1\" \/>\n<link rel=\"canonical\" href=\"https:\/\/ginmarket.hu\/en\/\" \/>\n<meta property=\"og:locale\" content=\"en_GB\" \/>\n<meta property=\"og:type\" content=\"article\" \/>\n<meta property=\"og:title\" content=\"Gin Market Budapest\" \/>\n<meta property=\"og:description\" content=\"K\u00e9pzelj el egy h\u00e9tv\u00e9g\u00e9t, ahol a f\u0151szerep a kedvenc italod\u00e9. Ahol rengeteg \u00e9rdekess\u00e9get tudhatsz meg r\u00f3la, tesztelheted \u00edzlel\u0151bimb\u00f3id, k\u00f3stolhatsz k\u00f6nnyedebb fajt\u00e1t, testeset, citrusosat, f\u0171szeresebbet, de ak\u00e1r r\u00f3zs\u00e1sat, epreset, s\u0151t tokaji sz\u0151l\u0151vel bolond\u00edtott gint is. Mindezt csod\u00e1latos k\u00f6rnyezetben, a legfinomabb falatokkal k\u00eds\u00e9rve, DJ-vel t\u00e1mogatva, igazi fesztiv\u00e1lhangulatban.\" \/>\n<meta property=\"og:url\" content=\"https:\/\/ginmarket.hu\/en\/\" \/>\n<meta property=\"og:site_name\" content=\"Ginmarket\" \/>\n<meta property=\"article:publisher\" content=\"https:\/\/www.facebook.com\/ginmarketbudapest\" \/>\n<meta property=\"article:modified_time\" content=\"2026-04-17T21:15:18+00:00\" \/>\n<meta property=\"og:image\" content=\"https:\/\/ginmarket.hu\/wp-content\/uploads\/2026\/04\/GMB-logo-scaled.webp\" \/>\n\t<meta property=\"og:image:width\" content=\"2484\" \/>\n\t<meta property=\"og:image:height\" content=\"2560\" \/>\n\t<meta property=\"og:image:type\" content=\"image\/webp\" \/>\n<meta name=\"twitter:card\" content=\"summary_large_image\" \/>\n<meta name=\"twitter:label1\" content=\"Estimated reading time\" \/>\n\t<meta name=\"twitter:data1\" content=\"1 minute\" \/>\n<script type=\"application\/ld+json\" class=\"yoast-schema-graph\">{\"@context\":\"https:\\\/\\\/schema.org\",\"@graph\":[{\"@type\":\"WebPage\",\"@id\":\"https:\\\/\\\/ginmarket.hu\\\/\",\"url\":\"https:\\\/\\\/ginmarket.hu\\\/\",\"name\":\"Gin Market - Ginmarket\",\"isPartOf\":{\"@id\":\"https:\\\/\\\/ginmarket.hu\\\/#website\"},\"primaryImageOfPage\":{\"@id\":\"https:\\\/\\\/ginmarket.hu\\\/#primaryimage\"},\"image\":{\"@id\":\"https:\\\/\\\/ginmarket.hu\\\/#primaryimage\"},\"thumbnailUrl\":\"https:\\\/\\\/ginmarket.hu\\\/wp-content\\\/uploads\\\/2026\\\/04\\\/GMB-logo-scaled.webp\",\"datePublished\":\"2026-02-17T19:15:47+00:00\",\"dateModified\":\"2026-04-17T21:15:18+00:00\",\"description\":\"L\u00e1togass el a Gin Market Budapest rendezv\u00e9nyre a V\u00e1rosh\u00e1za Parkba! Gin, rum, tequila, k\u00f3stol\u00f3k, koncertek, DJ-k \u00e9s ny\u00e1ri fesztiv\u00e1lhangulat.\",\"breadcrumb\":{\"@id\":\"https:\\\/\\\/ginmarket.hu\\\/#breadcrumb\"},\"inLanguage\":\"en-GB\",\"potentialAction\":[{\"@type\":\"ReadAction\",\"target\":[\"https:\\\/\\\/ginmarket.hu\\\/\"]}]},{\"@type\":\"ImageObject\",\"inLanguage\":\"en-GB\",\"@id\":\"https:\\\/\\\/ginmarket.hu\\\/#primaryimage\",\"url\":\"https:\\\/\\\/ginmarket.hu\\\/wp-content\\\/uploads\\\/2026\\\/04\\\/GMB-logo-scaled.webp\",\"contentUrl\":\"https:\\\/\\\/ginmarket.hu\\\/wp-content\\\/uploads\\\/2026\\\/04\\\/GMB-logo-scaled.webp\"},{\"@type\":\"BreadcrumbList\",\"@id\":\"https:\\\/\\\/ginmarket.hu\\\/#breadcrumb\",\"itemListElement\":[{\"@type\":\"ListItem\",\"position\":1,\"name\":\"Home\",\"item\":\"https:\\\/\\\/ginmarket.hu\\\/\"},{\"@type\":\"ListItem\",\"position\":2,\"name\":\"Gin Market\"}]},{\"@type\":\"WebSite\",\"@id\":\"https:\\\/\\\/ginmarket.hu\\\/#website\",\"url\":\"https:\\\/\\\/ginmarket.hu\\\/\",\"name\":\"Ginmarket\",\"description\":\"\",\"publisher\":{\"@id\":\"https:\\\/\\\/ginmarket.hu\\\/#organization\"},\"potentialAction\":[{\"@type\":\"SearchAction\",\"target\":{\"@type\":\"EntryPoint\",\"urlTemplate\":\"https:\\\/\\\/ginmarket.hu\\\/?s={search_term_string}\"},\"query-input\":{\"@type\":\"PropertyValueSpecification\",\"valueRequired\":true,\"valueName\":\"search_term_string\"}}],\"inLanguage\":\"en-GB\"},{\"@type\":\"Organization\",\"@id\":\"https:\\\/\\\/ginmarket.hu\\\/#organization\",\"name\":\"Ginmarket\",\"url\":\"https:\\\/\\\/ginmarket.hu\\\/\",\"logo\":{\"@type\":\"ImageObject\",\"inLanguage\":\"en-GB\",\"@id\":\"https:\\\/\\\/ginmarket.hu\\\/#\\\/schema\\\/logo\\\/image\\\/\",\"url\":\"https:\\\/\\\/ginmarket.hu\\\/wp-content\\\/uploads\\\/2026\\\/04\\\/GMB-logo-scaled.webp\",\"contentUrl\":\"https:\\\/\\\/ginmarket.hu\\\/wp-content\\\/uploads\\\/2026\\\/04\\\/GMB-logo-scaled.webp\",\"width\":2484,\"height\":2560,\"caption\":\"Ginmarket\"},\"image\":{\"@id\":\"https:\\\/\\\/ginmarket.hu\\\/#\\\/schema\\\/logo\\\/image\\\/\"},\"sameAs\":[\"https:\\\/\\\/www.facebook.com\\\/ginmarketbudapest\"]}]}<\/script>\n<!-- \/ Yoast SEO plugin. -->","yoast_head_json":{"title":"Gin Market - Ginmarket","description":"L\u00e1togass el a Gin Market Budapest rendezv\u00e9nyre a V\u00e1rosh\u00e1za Parkba! Gin, rum, tequila, k\u00f3stol\u00f3k, koncertek, DJ-k \u00e9s ny\u00e1ri fesztiv\u00e1lhangulat.","robots":{"index":"index","follow":"follow","max-snippet":"max-snippet:-1","max-image-preview":"max-image-preview:large","max-video-preview":"max-video-preview:-1"},"canonical":"https:\/\/ginmarket.hu\/en\/","og_locale":"en_GB","og_type":"article","og_title":"Gin Market Budapest","og_description":"K\u00e9pzelj el egy h\u00e9tv\u00e9g\u00e9t, ahol a f\u0151szerep a kedvenc italod\u00e9. Ahol rengeteg \u00e9rdekess\u00e9get tudhatsz meg r\u00f3la, tesztelheted \u00edzlel\u0151bimb\u00f3id, k\u00f3stolhatsz k\u00f6nnyedebb fajt\u00e1t, testeset, citrusosat, f\u0171szeresebbet, de ak\u00e1r r\u00f3zs\u00e1sat, epreset, s\u0151t tokaji sz\u0151l\u0151vel bolond\u00edtott gint is. Mindezt csod\u00e1latos k\u00f6rnyezetben, a legfinomabb falatokkal k\u00eds\u00e9rve, DJ-vel t\u00e1mogatva, igazi fesztiv\u00e1lhangulatban.","og_url":"https:\/\/ginmarket.hu\/en\/","og_site_name":"Ginmarket","article_publisher":"https:\/\/www.facebook.com\/ginmarketbudapest","article_modified_time":"2026-04-17T21:15:18+00:00","og_image":[{"width":2484,"height":2560,"url":"https:\/\/ginmarket.hu\/wp-content\/uploads\/2026\/04\/GMB-logo-scaled.webp","type":"image\/webp"}],"twitter_card":"summary_large_image","twitter_misc":{"Estimated reading time":"1 minute"},"schema":{"@context":"https:\/\/schema.org","@graph":[{"@type":"WebPage","@id":"https:\/\/ginmarket.hu\/","url":"https:\/\/ginmarket.hu\/","name":"Gin Market - Ginmarket","isPartOf":{"@id":"https:\/\/ginmarket.hu\/#website"},"primaryImageOfPage":{"@id":"https:\/\/ginmarket.hu\/#primaryimage"},"image":{"@id":"https:\/\/ginmarket.hu\/#primaryimage"},"thumbnailUrl":"https:\/\/ginmarket.hu\/wp-content\/uploads\/2026\/04\/GMB-logo-scaled.webp","datePublished":"2026-02-17T19:15:47+00:00","dateModified":"2026-04-17T21:15:18+00:00","description":"L\u00e1togass el a Gin Market Budapest rendezv\u00e9nyre a V\u00e1rosh\u00e1za Parkba! Gin, rum, tequila, k\u00f3stol\u00f3k, koncertek, DJ-k \u00e9s ny\u00e1ri fesztiv\u00e1lhangulat.","breadcrumb":{"@id":"https:\/\/ginmarket.hu\/#breadcrumb"},"inLanguage":"en-GB","potentialAction":[{"@type":"ReadAction","target":["https:\/\/ginmarket.hu\/"]}]},{"@type":"ImageObject","inLanguage":"en-GB","@id":"https:\/\/ginmarket.hu\/#primaryimage","url":"https:\/\/ginmarket.hu\/wp-content\/uploads\/2026\/04\/GMB-logo-scaled.webp","contentUrl":"https:\/\/ginmarket.hu\/wp-content\/uploads\/2026\/04\/GMB-logo-scaled.webp"},{"@type":"BreadcrumbList","@id":"https:\/\/ginmarket.hu\/#breadcrumb","itemListElement":[{"@type":"ListItem","position":1,"name":"Home","item":"https:\/\/ginmarket.hu\/"},{"@type":"ListItem","position":2,"name":"Gin Market"}]},{"@type":"WebSite","@id":"https:\/\/ginmarket.hu\/#website","url":"https:\/\/ginmarket.hu\/","name":"Ginmarket","description":"","publisher":{"@id":"https:\/\/ginmarket.hu\/#organization"},"potentialAction":[{"@type":"SearchAction","target":{"@type":"EntryPoint","urlTemplate":"https:\/\/ginmarket.hu\/?s={search_term_string}"},"query-input":{"@type":"PropertyValueSpecification","valueRequired":true,"valueName":"search_term_string"}}],"inLanguage":"en-GB"},{"@type":"Organization","@id":"https:\/\/ginmarket.hu\/#organization","name":"Ginmarket","url":"https:\/\/ginmarket.hu\/","logo":{"@type":"ImageObject","inLanguage":"en-GB","@id":"https:\/\/ginmarket.hu\/#\/schema\/logo\/image\/","url":"https:\/\/ginmarket.hu\/wp-content\/uploads\/2026\/04\/GMB-logo-scaled.webp","contentUrl":"https:\/\/ginmarket.hu\/wp-content\/uploads\/2026\/04\/GMB-logo-scaled.webp","width":2484,"height":2560,"caption":"Ginmarket"},"image":{"@id":"https:\/\/ginmarket.hu\/#\/schema\/logo\/image\/"},"sameAs":["https:\/\/www.facebook.com\/ginmarketbudapest"]}]}},"_links":{"self":[{"href":"https:\/\/ginmarket.hu\/en\/wp-json\/wp\/v2\/pages\/23","targetHints":{"allow":["GET"]}}],"collection":[{"href":"https:\/\/ginmarket.hu\/en\/wp-json\/wp\/v2\/pages"}],"about":[{"href":"https:\/\/ginmarket.hu\/en\/wp-json\/wp\/v2\/types\/page"}],"author":[{"embeddable":true,"href":"https:\/\/ginmarket.hu\/en\/wp-json\/wp\/v2\/users\/1"}],"replies":[{"embeddable":true,"href":"https:\/\/ginmarket.hu\/en\/wp-json\/wp\/v2\/comments?post=23"}],"version-history":[{"count":83,"href":"https:\/\/ginmarket.hu\/en\/wp-json\/wp\/v2\/pages\/23\/revisions"}],"predecessor-version":[{"id":572,"href":"https:\/\/ginmarket.hu\/en\/wp-json\/wp\/v2\/pages\/23\/revisions\/572"}],"wp:attachment":[{"href":"https:\/\/ginmarket.hu\/en\/wp-json\/wp\/v2\/media?parent=23"}],"curies":[{"name":"wp","href":"https:\/\/api.w.org\/{rel}","templated":true}]}}