{"id":25,"date":"2026-02-17T19:16:18","date_gmt":"2026-02-17T19:16:18","guid":{"rendered":"https:\/\/ginmarket.hu\/?page_id=25"},"modified":"2026-04-08T07:41:03","modified_gmt":"2026-04-08T07:41:03","slug":"jegyek","status":"publish","type":"page","link":"https:\/\/ginmarket.hu\/en\/jegyek\/","title":{"rendered":"Tickets"},"content":{"rendered":"<div data-elementor-type=\"wp-page\" data-elementor-id=\"25\" class=\"elementor elementor-25\" data-elementor-post-type=\"page\">\n\t\t\t\t<div class=\"elementor-element elementor-element-ed498ad e-con-full e-flex e-con e-parent\" data-id=\"ed498ad\" data-element_type=\"container\" data-e-type=\"container\" data-settings=\"{&quot;background_background&quot;:&quot;classic&quot;}\">\n\t\t<div class=\"elementor-element elementor-element-e7dd483 e-grid e-con-boxed e-con e-child\" data-id=\"e7dd483\" data-element_type=\"container\" data-e-type=\"container\">\n\t\t\t\t\t<div class=\"e-con-inner\">\n\t\t\t\t<div class=\"elementor-element elementor-element-48d1df2 elementor-hidden-mobile elementor-widget elementor-widget-image\" data-id=\"48d1df2\" data-element_type=\"widget\" data-e-type=\"widget\" data-widget_type=\"image.default\">\n\t\t\t\t\t\t\t\t\t\t\t\t\t\t\t<img fetchpriority=\"high\" decoding=\"async\" width=\"2484\" height=\"2560\" src=\"https:\/\/ginmarket.hu\/wp-content\/uploads\/2026\/04\/GMB-logo-scaled.webp\" class=\"attachment-large size-large wp-image-415\" alt=\"GMB logo\" srcset=\"https:\/\/ginmarket.hu\/wp-content\/uploads\/2026\/04\/GMB-logo-scaled.webp 2484w, https:\/\/ginmarket.hu\/wp-content\/uploads\/2026\/04\/GMB-logo-768x792.webp 768w, https:\/\/ginmarket.hu\/wp-content\/uploads\/2026\/04\/GMB-logo-1490x1536.webp 1490w, https:\/\/ginmarket.hu\/wp-content\/uploads\/2026\/04\/GMB-logo-1987x2048.webp 1987w, https:\/\/ginmarket.hu\/wp-content\/uploads\/2026\/04\/GMB-logo-12x12.webp 12w\" sizes=\"(max-width: 2484px) 100vw, 2484px\" \/>\t\t\t\t\t\t\t\t\t\t\t\t\t\t\t<\/div>\n\t\t\t\t\t<\/div>\n\t\t\t\t<\/div>\n\t\t\t\t<\/div>\n\t\t<div class=\"elementor-element elementor-element-2495890 e-con-full e-flex e-con e-parent\" data-id=\"2495890\" data-element_type=\"container\" data-e-type=\"container\">\n\t\t\t\t<div class=\"elementor-element elementor-element-cf728dc elementor-widget-divider--view-line_text elementor-widget-divider--element-align-center elementor-widget elementor-widget-divider\" data-id=\"cf728dc\" data-element_type=\"widget\" data-e-type=\"widget\" data-widget_type=\"divider.default\">\n\t\t\t\t\t\t\t<div class=\"elementor-divider\">\n\t\t\t<span class=\"elementor-divider-separator\">\n\t\t\t\t\t\t<\/span>\n\t\t<\/div>\n\t\t\t\t\t\t<\/div>\n\t\t\t\t<\/div>\n\t\t<div class=\"elementor-element elementor-element-860beb8 e-flex e-con-boxed e-con e-parent\" data-id=\"860beb8\" data-element_type=\"container\" data-e-type=\"container\">\n\t\t\t\t\t<div class=\"e-con-inner\">\n\t\t<div class=\"elementor-element elementor-element-ac5c15f e-con-full e-flex e-con e-child\" data-id=\"ac5c15f\" data-element_type=\"container\" data-e-type=\"container\" data-settings=\"{&quot;background_background&quot;:&quot;classic&quot;}\">\n\t\t\t\t<div class=\"elementor-element elementor-element-73fb801 elementor-widget elementor-widget-heading\" data-id=\"73fb801\" data-element_type=\"widget\" data-e-type=\"widget\" data-widget_type=\"heading.default\">\n\t\t\t\t\t<h2 class=\"elementor-heading-title elementor-size-default\">Gin, Rum, and Tequila Festival<\/h2>\t\t\t\t<\/div>\n\t\t\t\t<div class=\"elementor-element elementor-element-8603207 elementor-widget elementor-widget-text-editor\" data-id=\"8603207\" data-element_type=\"widget\" data-e-type=\"widget\" data-widget_type=\"text-editor.default\">\n\t\t\t\t\t\t\t\t\t<p style=\"text-align: center;\" class=\"translation-block\">Gin Market Budapest offers three distinct themed experiences with a single ticket: the Gin, Rum, and Tequila festivals. <br>Your ticket grants you access to the entire event area, so you can freely explore the exciting booths and programs of all three spirits worlds.<\/p>\t\t\t\t\t\t\t\t<\/div>\n\t\t\t\t<div class=\"elementor-element elementor-element-fd3c7c2 elementor-widget elementor-widget-heading\" data-id=\"fd3c7c2\" data-element_type=\"widget\" data-e-type=\"widget\" data-widget_type=\"heading.default\">\n\t\t\t\t\t<h2 class=\"elementor-heading-title elementor-size-default\">What does the ticket include?<\/h2>\t\t\t\t<\/div>\n\t\t\t\t<div class=\"elementor-element elementor-element-3012c52 elementor-widget elementor-widget-text-editor\" data-id=\"3012c52\" data-element_type=\"widget\" data-e-type=\"widget\" data-widget_type=\"text-editor.default\">\n\t\t\t\t\t\t\t\t\t<p style=\"text-align: center;\" class=\"translation-block\">\u2013 Admission to the Gin Market Budapest festival<br>\u2013 Official tasting glass for the tastings<br>\u2013 3 tasting tokens, which you can redeem at designated stands<br>\u2013 Participation in masterclass presentations, where experts introduce the brands and the world of spirits<br> \u2013 Concerts and DJ performances all day long on the festival grounds<\/p>\t\t\t\t\t\t\t\t<\/div>\n\t\t\t\t<\/div>\n\t\t\t\t\t<\/div>\n\t\t\t\t<\/div>\n\t\t<div class=\"elementor-element elementor-element-b4987d4 e-flex e-con-boxed e-con e-parent\" data-id=\"b4987d4\" data-element_type=\"container\" data-e-type=\"container\">\n\t\t\t\t\t<div class=\"e-con-inner\">\n\t\t<div class=\"elementor-element elementor-element-46e8022 e-con-full e-flex e-con e-child\" data-id=\"46e8022\" data-element_type=\"container\" data-e-type=\"container\">\n\t\t\t\t<div class=\"elementor-element elementor-element-53c25bd elementor-widget elementor-widget-heading\" data-id=\"53c25bd\" data-element_type=\"widget\" data-e-type=\"widget\" data-widget_type=\"heading.default\">\n\t\t\t\t\t<h5 class=\"elementor-heading-title elementor-size-default\">Discounted Group Tickets (4 people)<\/h5>\t\t\t\t<\/div>\n\t\t\t\t<\/div>\n\t\t<div class=\"elementor-element elementor-element-f0eb968 e-con-full e-flex e-con e-child\" data-id=\"f0eb968\" data-element_type=\"container\" data-e-type=\"container\">\n\t\t\t\t<div class=\"elementor-element elementor-element-21234e2 elementor-widget elementor-widget-heading\" data-id=\"21234e2\" data-element_type=\"widget\" data-e-type=\"widget\" data-widget_type=\"heading.default\">\n\t\t\t\t\t<h3 class=\"elementor-heading-title elementor-size-default\">17.490.- Ft<\/h3>\t\t\t\t<\/div>\n\t\t\t\t<\/div>\n\t\t<div class=\"elementor-element elementor-element-8056689 e-con-full e-flex e-con e-child\" data-id=\"8056689\" data-element_type=\"container\" data-e-type=\"container\">\n\t\t\t\t<div class=\"elementor-element elementor-element-f1b0603 elementor-align-center elementor-widget elementor-widget-button\" data-id=\"f1b0603\" data-element_type=\"widget\" data-e-type=\"widget\" data-widget_type=\"button.default\">\n\t\t\t\t\t\t\t\t\t\t<a class=\"elementor-button elementor-button-link elementor-size-sm\" href=\"https:\/\/cooltix.hu\/event\/68c1b130821d3673604c8011\">\n\t\t\t\t\t\t<span class=\"elementor-button-content-wrapper\">\n\t\t\t\t\t\t\t\t\t<span class=\"elementor-button-text\">I'll buy it<\/span>\n\t\t\t\t\t<\/span>\n\t\t\t\t\t<\/a>\n\t\t\t\t\t\t\t\t<\/div>\n\t\t\t\t<\/div>\n\t\t\t\t\t<\/div>\n\t\t\t\t<\/div>\n\t\t<div class=\"elementor-element elementor-element-cf78e91 e-flex e-con-boxed e-con e-parent\" data-id=\"cf78e91\" data-element_type=\"container\" data-e-type=\"container\">\n\t\t\t\t\t<div class=\"e-con-inner\">\n\t\t\t\t<div class=\"elementor-element elementor-element-0f5eb7e elementor-widget-divider--view-line elementor-widget elementor-widget-divider\" data-id=\"0f5eb7e\" data-element_type=\"widget\" data-e-type=\"widget\" data-widget_type=\"divider.default\">\n\t\t\t\t\t\t\t<div class=\"elementor-divider\">\n\t\t\t<span class=\"elementor-divider-separator\">\n\t\t\t\t\t\t<\/span>\n\t\t<\/div>\n\t\t\t\t\t\t<\/div>\n\t\t\t\t\t<\/div>\n\t\t\t\t<\/div>\n\t\t<div class=\"elementor-element elementor-element-3f816c3 e-flex e-con-boxed e-con e-parent\" data-id=\"3f816c3\" data-element_type=\"container\" data-e-type=\"container\">\n\t\t\t\t\t<div class=\"e-con-inner\">\n\t\t<div class=\"elementor-element elementor-element-ec8078b e-con-full e-flex e-con e-child\" data-id=\"ec8078b\" data-element_type=\"container\" data-e-type=\"container\">\n\t\t\t\t<div class=\"elementor-element elementor-element-a011e3e elementor-widget elementor-widget-heading\" data-id=\"a011e3e\" data-element_type=\"widget\" data-e-type=\"widget\" data-widget_type=\"heading.default\">\n\t\t\t\t\t<h5 class=\"elementor-heading-title elementor-size-default\">Discounted Tickets I.<\/h5>\t\t\t\t<\/div>\n\t\t\t\t<\/div>\n\t\t<div class=\"elementor-element elementor-element-82d5676 e-con-full e-flex e-con e-child\" data-id=\"82d5676\" data-element_type=\"container\" data-e-type=\"container\">\n\t\t\t\t<div class=\"elementor-element elementor-element-61d6cfd elementor-widget elementor-widget-heading\" data-id=\"61d6cfd\" data-element_type=\"widget\" data-e-type=\"widget\" data-widget_type=\"heading.default\">\n\t\t\t\t\t<h3 class=\"elementor-heading-title elementor-size-default\">5.490.- Ft<\/h3>\t\t\t\t<\/div>\n\t\t\t\t<\/div>\n\t\t<div class=\"elementor-element elementor-element-3336b8a e-con-full e-flex e-con e-child\" data-id=\"3336b8a\" data-element_type=\"container\" data-e-type=\"container\">\n\t\t\t\t<div class=\"elementor-element elementor-element-2a27ad7 elementor-align-center elementor-widget elementor-widget-button\" data-id=\"2a27ad7\" data-element_type=\"widget\" data-e-type=\"widget\" data-widget_type=\"button.default\">\n\t\t\t\t\t\t\t\t\t\t<a class=\"elementor-button elementor-button-link elementor-size-sm\" href=\"https:\/\/cooltix.hu\/event\/68c1b130821d3673604c8011\">\n\t\t\t\t\t\t<span class=\"elementor-button-content-wrapper\">\n\t\t\t\t\t\t\t\t\t<span class=\"elementor-button-text\">I'll buy it<\/span>\n\t\t\t\t\t<\/span>\n\t\t\t\t\t<\/a>\n\t\t\t\t\t\t\t\t<\/div>\n\t\t\t\t<\/div>\n\t\t\t\t\t<\/div>\n\t\t\t\t<\/div>\n\t\t<div class=\"elementor-element elementor-element-b99aa9f e-flex e-con-boxed e-con e-parent\" data-id=\"b99aa9f\" data-element_type=\"container\" data-e-type=\"container\">\n\t\t\t\t\t<div class=\"e-con-inner\">\n\t\t\t\t<div class=\"elementor-element elementor-element-23e4d97 elementor-widget-divider--view-line elementor-widget elementor-widget-divider\" data-id=\"23e4d97\" data-element_type=\"widget\" data-e-type=\"widget\" data-widget_type=\"divider.default\">\n\t\t\t\t\t\t\t<div class=\"elementor-divider\">\n\t\t\t<span class=\"elementor-divider-separator\">\n\t\t\t\t\t\t<\/span>\n\t\t<\/div>\n\t\t\t\t\t\t<\/div>\n\t\t\t\t\t<\/div>\n\t\t\t\t<\/div>\n\t\t<div class=\"elementor-element elementor-element-7edaac8 e-flex e-con-boxed e-con e-parent\" data-id=\"7edaac8\" data-element_type=\"container\" data-e-type=\"container\">\n\t\t\t\t\t<div class=\"e-con-inner\">\n\t\t<div class=\"elementor-element elementor-element-6874950 e-con-full e-flex e-con e-child\" data-id=\"6874950\" data-element_type=\"container\" data-e-type=\"container\">\n\t\t\t\t<div class=\"elementor-element elementor-element-5e63e8e elementor-widget elementor-widget-heading\" data-id=\"5e63e8e\" data-element_type=\"widget\" data-e-type=\"widget\" data-widget_type=\"heading.default\">\n\t\t\t\t\t<h5 class=\"elementor-heading-title elementor-size-default translation-block\">Regular advance tickets <br> starting May 1, 2026<\/h5>\t\t\t\t<\/div>\n\t\t\t\t<\/div>\n\t\t<div class=\"elementor-element elementor-element-26b4321 e-con-full e-flex e-con e-child\" data-id=\"26b4321\" data-element_type=\"container\" data-e-type=\"container\">\n\t\t\t\t<div class=\"elementor-element elementor-element-a901b06 elementor-widget elementor-widget-heading\" data-id=\"a901b06\" data-element_type=\"widget\" data-e-type=\"widget\" data-widget_type=\"heading.default\">\n\t\t\t\t\t<h3 class=\"elementor-heading-title elementor-size-default\">6.490.- Ft<\/h3>\t\t\t\t<\/div>\n\t\t\t\t<\/div>\n\t\t<div class=\"elementor-element elementor-element-2ffab20 e-con-full e-flex e-con e-child\" data-id=\"2ffab20\" data-element_type=\"container\" data-e-type=\"container\">\n\t\t\t\t<div class=\"elementor-element elementor-element-85e8233 elementor-widget elementor-widget-heading\" data-id=\"85e8233\" data-element_type=\"widget\" data-e-type=\"widget\" data-widget_type=\"heading.default\">\n\t\t\t\t\t<p class=\"elementor-heading-title elementor-size-default\">soon<\/p>\t\t\t\t<\/div>\n\t\t\t\t<\/div>\n\t\t\t\t\t<\/div>\n\t\t\t\t<\/div>\n\t\t<div class=\"elementor-element elementor-element-0b29d24 e-flex e-con-boxed e-con e-parent\" data-id=\"0b29d24\" data-element_type=\"container\" data-e-type=\"container\">\n\t\t\t\t\t<div class=\"e-con-inner\">\n\t\t\t\t<div class=\"elementor-element elementor-element-551dc9a elementor-widget-divider--view-line elementor-widget elementor-widget-divider\" data-id=\"551dc9a\" data-element_type=\"widget\" data-e-type=\"widget\" data-widget_type=\"divider.default\">\n\t\t\t\t\t\t\t<div class=\"elementor-divider\">\n\t\t\t<span class=\"elementor-divider-separator\">\n\t\t\t\t\t\t<\/span>\n\t\t<\/div>\n\t\t\t\t\t\t<\/div>\n\t\t\t\t\t<\/div>\n\t\t\t\t<\/div>\n\t\t<div class=\"elementor-element elementor-element-67db136 e-flex e-con-boxed e-con e-parent\" data-id=\"67db136\" data-element_type=\"container\" data-e-type=\"container\">\n\t\t\t\t\t<div class=\"e-con-inner\">\n\t\t<div class=\"elementor-element elementor-element-50fbe51 e-con-full e-flex e-con e-child\" data-id=\"50fbe51\" data-element_type=\"container\" data-e-type=\"container\">\n\t\t\t\t<div class=\"elementor-element elementor-element-baf7e91 elementor-widget elementor-widget-heading\" data-id=\"baf7e91\" data-element_type=\"widget\" data-e-type=\"widget\" data-widget_type=\"heading.default\">\n\t\t\t\t\t<h5 class=\"elementor-heading-title elementor-size-default translation-block\">Tickets available on-site <br> on event days<\/h5>\t\t\t\t<\/div>\n\t\t\t\t<\/div>\n\t\t<div class=\"elementor-element elementor-element-d83fae3 e-con-full e-flex e-con e-child\" data-id=\"d83fae3\" data-element_type=\"container\" data-e-type=\"container\">\n\t\t\t\t<div class=\"elementor-element elementor-element-751b8e0 elementor-widget elementor-widget-heading\" data-id=\"751b8e0\" data-element_type=\"widget\" data-e-type=\"widget\" data-widget_type=\"heading.default\">\n\t\t\t\t\t<h3 class=\"elementor-heading-title elementor-size-default\">7.990.- Ft<\/h3>\t\t\t\t<\/div>\n\t\t\t\t<\/div>\n\t\t<div class=\"elementor-element elementor-element-b235fa6 e-con-full e-flex e-con e-child\" data-id=\"b235fa6\" data-element_type=\"container\" data-e-type=\"container\">\n\t\t\t\t<div class=\"elementor-element elementor-element-827b599 elementor-widget elementor-widget-heading\" data-id=\"827b599\" data-element_type=\"widget\" data-e-type=\"widget\" data-widget_type=\"heading.default\">\n\t\t\t\t\t<p class=\"elementor-heading-title elementor-size-default\">soon<\/p>\t\t\t\t<\/div>\n\t\t\t\t<\/div>\n\t\t\t\t\t<\/div>\n\t\t\t\t<\/div>\n\t\t\t\t<\/div>","protected":false},"excerpt":{"rendered":"<p>Gin, a Rum \u00e9s a Tequila fesztiv\u00e1l A Gin Market Budapest egyetlen bel\u00e9p\u0151vel h\u00e1rom \u00f6n\u00e1ll\u00f3 tematikus \u00e9lm\u00e9nyt k\u00edn\u00e1l: a Gin, [&hellip;]<\/p>\n","protected":false},"author":1,"featured_media":0,"parent":0,"menu_order":0,"comment_status":"closed","ping_status":"closed","template":"","meta":{"site-sidebar-layout":"no-sidebar","site-content-layout":"","ast-site-content-layout":"full-width-container","site-content-style":"default","site-sidebar-style":"default","ast-global-header-display":"","ast-banner-title-visibility":"","ast-main-header-display":"","ast-hfb-above-header-display":"","ast-hfb-below-header-display":"","ast-hfb-mobile-header-display":"","site-post-title":"","ast-breadcrumbs-content":"","ast-featured-img":"disabled","footer-sml-layout":"","ast-disable-related-posts":"","theme-transparent-header-meta":"default","adv-header-id-meta":"","stick-header-meta":"","header-above-stick-meta":"","header-main-stick-meta":"","header-below-stick-meta":"","astra-migrate-meta-layouts":"set","ast-page-background-enabled":"default","ast-page-background-meta":{"desktop":{"background-color":"var(--ast-global-color-5)","background-image":"","background-repeat":"repeat","background-position":"center center","background-size":"auto","background-attachment":"scroll","background-type":"","background-media":"","overlay-type":"","overlay-color":"","overlay-opacity":"","overlay-gradient":""},"tablet":{"background-color":"","background-image":"","background-repeat":"repeat","background-position":"center center","background-size":"auto","background-attachment":"scroll","background-type":"","background-media":"","overlay-type":"","overlay-color":"","overlay-opacity":"","overlay-gradient":""},"mobile":{"background-color":"","background-image":"","background-repeat":"repeat","background-position":"center center","background-size":"auto","background-attachment":"scroll","background-type":"","background-media":"","overlay-type":"","overlay-color":"","overlay-opacity":"","overlay-gradient":""}},"ast-content-background-meta":{"desktop":{"background-color":"var(--ast-global-color-4)","background-image":"","background-repeat":"repeat","background-position":"center center","background-size":"auto","background-attachment":"scroll","background-type":"","background-media":"","overlay-type":"","overlay-color":"","overlay-opacity":"","overlay-gradient":""},"tablet":{"background-color":"var(--ast-global-color-4)","background-image":"","background-repeat":"repeat","background-position":"center center","background-size":"auto","background-attachment":"scroll","background-type":"","background-media":"","overlay-type":"","overlay-color":"","overlay-opacity":"","overlay-gradient":""},"mobile":{"background-color":"var(--ast-global-color-4)","background-image":"","background-repeat":"repeat","background-position":"center center","background-size":"auto","background-attachment":"scroll","background-type":"","background-media":"","overlay-type":"","overlay-color":"","overlay-opacity":"","overlay-gradient":""}},"footnotes":""},"class_list":["post-25","page","type-page","status-publish","hentry"],"yoast_head":"<!-- This site is optimized with the Yoast SEO plugin v27.3 - https:\/\/yoast.com\/product\/yoast-seo-wordpress\/ -->\n<title>Jegyek - Ginmarket<\/title>\n<meta name=\"robots\" content=\"index, follow, max-snippet:-1, max-image-preview:large, max-video-preview:-1\" \/>\n<link rel=\"canonical\" href=\"https:\/\/ginmarket.hu\/en\/jegyek\/\" \/>\n<meta property=\"og:locale\" content=\"en_GB\" \/>\n<meta property=\"og:type\" content=\"article\" \/>\n<meta property=\"og:title\" content=\"Jegyek - Ginmarket\" \/>\n<meta property=\"og:description\" content=\"Gin, a Rum \u00e9s a Tequila fesztiv\u00e1l A Gin Market Budapest egyetlen bel\u00e9p\u0151vel h\u00e1rom \u00f6n\u00e1ll\u00f3 tematikus \u00e9lm\u00e9nyt k\u00edn\u00e1l: a Gin, [&hellip;]\" \/>\n<meta property=\"og:url\" content=\"https:\/\/ginmarket.hu\/en\/jegyek\/\" \/>\n<meta property=\"og:site_name\" content=\"Ginmarket\" \/>\n<meta property=\"article:modified_time\" content=\"2026-04-08T07:41:03+00:00\" \/>\n<meta property=\"og:image\" content=\"https:\/\/ginmarket.hu\/wp-content\/uploads\/2026\/04\/GMB-logo-scaled.webp\" \/>\n<meta name=\"twitter:card\" content=\"summary_large_image\" \/>\n<meta name=\"twitter:label1\" content=\"Estimated reading time\" \/>\n\t<meta name=\"twitter:data1\" content=\"1 minute\" \/>\n<script type=\"application\/ld+json\" class=\"yoast-schema-graph\">{\"@context\":\"https:\\\/\\\/schema.org\",\"@graph\":[{\"@type\":\"WebPage\",\"@id\":\"https:\\\/\\\/ginmarket.hu\\\/jegyek\\\/\",\"url\":\"https:\\\/\\\/ginmarket.hu\\\/jegyek\\\/\",\"name\":\"Jegyek - Ginmarket\",\"isPartOf\":{\"@id\":\"https:\\\/\\\/ginmarket.hu\\\/#website\"},\"primaryImageOfPage\":{\"@id\":\"https:\\\/\\\/ginmarket.hu\\\/jegyek\\\/#primaryimage\"},\"image\":{\"@id\":\"https:\\\/\\\/ginmarket.hu\\\/jegyek\\\/#primaryimage\"},\"thumbnailUrl\":\"https:\\\/\\\/ginmarket.hu\\\/wp-content\\\/uploads\\\/2026\\\/04\\\/GMB-logo-scaled.webp\",\"datePublished\":\"2026-02-17T19:16:18+00:00\",\"dateModified\":\"2026-04-08T07:41:03+00:00\",\"breadcrumb\":{\"@id\":\"https:\\\/\\\/ginmarket.hu\\\/jegyek\\\/#breadcrumb\"},\"inLanguage\":\"en-GB\",\"potentialAction\":[{\"@type\":\"ReadAction\",\"target\":[\"https:\\\/\\\/ginmarket.hu\\\/jegyek\\\/\"]}]},{\"@type\":\"ImageObject\",\"inLanguage\":\"en-GB\",\"@id\":\"https:\\\/\\\/ginmarket.hu\\\/jegyek\\\/#primaryimage\",\"url\":\"https:\\\/\\\/ginmarket.hu\\\/wp-content\\\/uploads\\\/2026\\\/04\\\/GMB-logo-scaled.webp\",\"contentUrl\":\"https:\\\/\\\/ginmarket.hu\\\/wp-content\\\/uploads\\\/2026\\\/04\\\/GMB-logo-scaled.webp\"},{\"@type\":\"BreadcrumbList\",\"@id\":\"https:\\\/\\\/ginmarket.hu\\\/jegyek\\\/#breadcrumb\",\"itemListElement\":[{\"@type\":\"ListItem\",\"position\":1,\"name\":\"Home\",\"item\":\"https:\\\/\\\/ginmarket.hu\\\/\"},{\"@type\":\"ListItem\",\"position\":2,\"name\":\"Jegyek\"}]},{\"@type\":\"WebSite\",\"@id\":\"https:\\\/\\\/ginmarket.hu\\\/#website\",\"url\":\"https:\\\/\\\/ginmarket.hu\\\/\",\"name\":\"Ginmarket\",\"description\":\"\",\"publisher\":{\"@id\":\"https:\\\/\\\/ginmarket.hu\\\/#organization\"},\"potentialAction\":[{\"@type\":\"SearchAction\",\"target\":{\"@type\":\"EntryPoint\",\"urlTemplate\":\"https:\\\/\\\/ginmarket.hu\\\/?s={search_term_string}\"},\"query-input\":{\"@type\":\"PropertyValueSpecification\",\"valueRequired\":true,\"valueName\":\"search_term_string\"}}],\"inLanguage\":\"en-GB\"},{\"@type\":\"Organization\",\"@id\":\"https:\\\/\\\/ginmarket.hu\\\/#organization\",\"name\":\"Ginmarket\",\"url\":\"https:\\\/\\\/ginmarket.hu\\\/\",\"logo\":{\"@type\":\"ImageObject\",\"inLanguage\":\"en-GB\",\"@id\":\"https:\\\/\\\/ginmarket.hu\\\/#\\\/schema\\\/logo\\\/image\\\/\",\"url\":\"https:\\\/\\\/ginmarket.hu\\\/wp-content\\\/uploads\\\/2026\\\/02\\\/ginmarket-logo-white-keret-01.svg\",\"contentUrl\":\"https:\\\/\\\/ginmarket.hu\\\/wp-content\\\/uploads\\\/2026\\\/02\\\/ginmarket-logo-white-keret-01.svg\",\"width\":235,\"height\":235,\"caption\":\"Ginmarket\"},\"image\":{\"@id\":\"https:\\\/\\\/ginmarket.hu\\\/#\\\/schema\\\/logo\\\/image\\\/\"}}]}<\/script>\n<!-- \/ Yoast SEO plugin. -->","yoast_head_json":{"title":"Jegyek - Ginmarket","robots":{"index":"index","follow":"follow","max-snippet":"max-snippet:-1","max-image-preview":"max-image-preview:large","max-video-preview":"max-video-preview:-1"},"canonical":"https:\/\/ginmarket.hu\/en\/jegyek\/","og_locale":"en_GB","og_type":"article","og_title":"Jegyek - Ginmarket","og_description":"Gin, a Rum \u00e9s a Tequila fesztiv\u00e1l A Gin Market Budapest egyetlen bel\u00e9p\u0151vel h\u00e1rom \u00f6n\u00e1ll\u00f3 tematikus \u00e9lm\u00e9nyt k\u00edn\u00e1l: a Gin, [&hellip;]","og_url":"https:\/\/ginmarket.hu\/en\/jegyek\/","og_site_name":"Ginmarket","article_modified_time":"2026-04-08T07:41:03+00:00","og_image":[{"url":"https:\/\/ginmarket.hu\/wp-content\/uploads\/2026\/04\/GMB-logo-scaled.webp","type":"","width":"","height":""}],"twitter_card":"summary_large_image","twitter_misc":{"Estimated reading time":"1 minute"},"schema":{"@context":"https:\/\/schema.org","@graph":[{"@type":"WebPage","@id":"https:\/\/ginmarket.hu\/jegyek\/","url":"https:\/\/ginmarket.hu\/jegyek\/","name":"Jegyek - Ginmarket","isPartOf":{"@id":"https:\/\/ginmarket.hu\/#website"},"primaryImageOfPage":{"@id":"https:\/\/ginmarket.hu\/jegyek\/#primaryimage"},"image":{"@id":"https:\/\/ginmarket.hu\/jegyek\/#primaryimage"},"thumbnailUrl":"https:\/\/ginmarket.hu\/wp-content\/uploads\/2026\/04\/GMB-logo-scaled.webp","datePublished":"2026-02-17T19:16:18+00:00","dateModified":"2026-04-08T07:41:03+00:00","breadcrumb":{"@id":"https:\/\/ginmarket.hu\/jegyek\/#breadcrumb"},"inLanguage":"en-GB","potentialAction":[{"@type":"ReadAction","target":["https:\/\/ginmarket.hu\/jegyek\/"]}]},{"@type":"ImageObject","inLanguage":"en-GB","@id":"https:\/\/ginmarket.hu\/jegyek\/#primaryimage","url":"https:\/\/ginmarket.hu\/wp-content\/uploads\/2026\/04\/GMB-logo-scaled.webp","contentUrl":"https:\/\/ginmarket.hu\/wp-content\/uploads\/2026\/04\/GMB-logo-scaled.webp"},{"@type":"BreadcrumbList","@id":"https:\/\/ginmarket.hu\/jegyek\/#breadcrumb","itemListElement":[{"@type":"ListItem","position":1,"name":"Home","item":"https:\/\/ginmarket.hu\/"},{"@type":"ListItem","position":2,"name":"Jegyek"}]},{"@type":"WebSite","@id":"https:\/\/ginmarket.hu\/#website","url":"https:\/\/ginmarket.hu\/","name":"Ginmarket","description":"","publisher":{"@id":"https:\/\/ginmarket.hu\/#organization"},"potentialAction":[{"@type":"SearchAction","target":{"@type":"EntryPoint","urlTemplate":"https:\/\/ginmarket.hu\/?s={search_term_string}"},"query-input":{"@type":"PropertyValueSpecification","valueRequired":true,"valueName":"search_term_string"}}],"inLanguage":"en-GB"},{"@type":"Organization","@id":"https:\/\/ginmarket.hu\/#organization","name":"Ginmarket","url":"https:\/\/ginmarket.hu\/","logo":{"@type":"ImageObject","inLanguage":"en-GB","@id":"https:\/\/ginmarket.hu\/#\/schema\/logo\/image\/","url":"https:\/\/ginmarket.hu\/wp-content\/uploads\/2026\/02\/ginmarket-logo-white-keret-01.svg","contentUrl":"https:\/\/ginmarket.hu\/wp-content\/uploads\/2026\/02\/ginmarket-logo-white-keret-01.svg","width":235,"height":235,"caption":"Ginmarket"},"image":{"@id":"https:\/\/ginmarket.hu\/#\/schema\/logo\/image\/"}}]}},"_links":{"self":[{"href":"https:\/\/ginmarket.hu\/en\/wp-json\/wp\/v2\/pages\/25","targetHints":{"allow":["GET"]}}],"collection":[{"href":"https:\/\/ginmarket.hu\/en\/wp-json\/wp\/v2\/pages"}],"about":[{"href":"https:\/\/ginmarket.hu\/en\/wp-json\/wp\/v2\/types\/page"}],"author":[{"embeddable":true,"href":"https:\/\/ginmarket.hu\/en\/wp-json\/wp\/v2\/users\/1"}],"replies":[{"embeddable":true,"href":"https:\/\/ginmarket.hu\/en\/wp-json\/wp\/v2\/comments?post=25"}],"version-history":[{"count":34,"href":"https:\/\/ginmarket.hu\/en\/wp-json\/wp\/v2\/pages\/25\/revisions"}],"predecessor-version":[{"id":445,"href":"https:\/\/ginmarket.hu\/en\/wp-json\/wp\/v2\/pages\/25\/revisions\/445"}],"wp:attachment":[{"href":"https:\/\/ginmarket.hu\/en\/wp-json\/wp\/v2\/media?parent=25"}],"curies":[{"name":"wp","href":"https:\/\/api.w.org\/{rel}","templated":true}]}}