{"id":29,"date":"2026-02-17T19:16:43","date_gmt":"2026-02-17T19:16:43","guid":{"rendered":"https:\/\/ginmarket.hu\/?page_id=29"},"modified":"2026-04-08T15:22:58","modified_gmt":"2026-04-08T15:22:58","slug":"informaciok","status":"publish","type":"page","link":"https:\/\/ginmarket.hu\/en\/informaciok\/","title":{"rendered":"Info"},"content":{"rendered":"<div data-elementor-type=\"wp-page\" data-elementor-id=\"29\" class=\"elementor elementor-29\" data-elementor-post-type=\"page\">\n\t\t\t\t<div class=\"elementor-element elementor-element-0820cb0 e-con-full e-flex e-con e-parent\" data-id=\"0820cb0\" data-element_type=\"container\" data-e-type=\"container\" data-settings=\"{&quot;background_background&quot;:&quot;classic&quot;}\">\n\t\t<div class=\"elementor-element elementor-element-bb624f2 e-grid e-con-boxed e-con e-child\" data-id=\"bb624f2\" data-element_type=\"container\" data-e-type=\"container\">\n\t\t\t\t\t<div class=\"e-con-inner\">\n\t\t\t\t\t<\/div>\n\t\t\t\t<\/div>\n\t\t\t\t<\/div>\n\t\t<div class=\"elementor-element elementor-element-f653f1b e-con-full e-flex e-con e-parent\" data-id=\"f653f1b\" data-element_type=\"container\" data-e-type=\"container\">\n\t\t\t\t<div class=\"elementor-element elementor-element-66526a3 elementor-widget-divider--view-line_text elementor-widget-divider--element-align-center elementor-widget elementor-widget-divider\" data-id=\"66526a3\" data-element_type=\"widget\" data-e-type=\"widget\" data-widget_type=\"divider.default\">\n\t\t\t\t\t\t\t<div class=\"elementor-divider\">\n\t\t\t<span class=\"elementor-divider-separator\">\n\t\t\t\t\t\t<\/span>\n\t\t<\/div>\n\t\t\t\t\t\t<\/div>\n\t\t\t\t<\/div>\n\t\t<div class=\"elementor-element elementor-element-b4aaac9 e-flex e-con-boxed e-con e-parent\" data-id=\"b4aaac9\" data-element_type=\"container\" data-e-type=\"container\">\n\t\t\t\t\t<div class=\"e-con-inner\">\n\t\t<div class=\"elementor-element elementor-element-182ec1c e-con-full e-flex e-con e-child\" data-id=\"182ec1c\" data-element_type=\"container\" data-e-type=\"container\" data-settings=\"{&quot;background_background&quot;:&quot;classic&quot;}\">\n\t\t\t\t<div class=\"elementor-element elementor-element-70dda90 elementor-widget elementor-widget-heading\" data-id=\"70dda90\" data-element_type=\"widget\" data-e-type=\"widget\" data-widget_type=\"heading.default\">\n\t\t\t\t\t<h2 class=\"elementor-heading-title elementor-size-default\">LET'S START THE SUMMER TOGETHER IN 2026!<\/h2>\t\t\t\t<\/div>\n\t\t\t\t<div class=\"elementor-element elementor-element-b26f670 elementor-widget elementor-widget-text-editor\" data-id=\"b26f670\" data-element_type=\"widget\" data-e-type=\"widget\" data-widget_type=\"text-editor.default\">\n\t\t\t\t\t\t\t\t\t<div><p>Gin Market Budapest launched in 2022 with the goal of bringing a fresh approach to showcasing premium spirits. The festival blends the classic event format with the vibe of a modern market: visitors can explore the finest local and international gin brands from stand to stand, all while enjoying a relaxed, urban atmosphere.<\/p><\/div><div><p data-start=\"627\" data-end=\"980\">Within just a few years, the event has become one of Hungary\u2019s leading gin- and rum-focused festivals, and in 2026 it reaches a new milestone: the first Tequila Fest will take place within the Gin Market, expanding the festival into three spirit categories. Visitors can look forward to premium tastings, free masterclasses, diverse gastronomic offerings, live music performances, and cultural activities.<\/p><\/div><p style=\"font-weight: 400;\">In 2026, Gin Market returns at a new downtown location, V\u00e1rosh\u00e1za Park \u2014 with a larger area, more exhibitors, and the most diverse program lineup to date. Our mission remains unchanged: to create an experience where quality spirits, gastronomy, and community come together naturally, offering every visitor an inspiring and memorable summer weekend.<\/p>\t\t\t\t\t\t\t\t<\/div>\n\t\t\t\t<\/div>\n\t\t\t\t\t<\/div>\n\t\t\t\t<\/div>\n\t\t<div class=\"elementor-element elementor-element-f8308a8 e-flex e-con-boxed e-con e-parent\" data-id=\"f8308a8\" data-element_type=\"container\" data-e-type=\"container\">\n\t\t\t\t\t<div class=\"e-con-inner\">\n\t\t<div class=\"elementor-element elementor-element-599c150 e-con-full e-flex e-con e-child\" data-id=\"599c150\" data-element_type=\"container\" data-e-type=\"container\">\n\t\t\t\t<div class=\"elementor-element elementor-element-9afa912 elementor-widget elementor-widget-heading\" data-id=\"9afa912\" data-element_type=\"widget\" data-e-type=\"widget\" data-widget_type=\"heading.default\">\n\t\t\t\t\t<h3 class=\"elementor-heading-title elementor-size-default translation-block\">Cashless<br>event<\/h3>\t\t\t\t<\/div>\n\t\t\t\t<div class=\"elementor-element elementor-element-bf20a18 elementor-widget elementor-widget-text-editor\" data-id=\"bf20a18\" data-element_type=\"widget\" data-e-type=\"widget\" data-widget_type=\"text-editor.default\">\n\t\t\t\t\t\t\t\t\t<p class=\"font_8 wixui-rich-text__text translation-block\">The event is cashless in order to speed up transactions and ensure safe operations. <span style=\"font-style: inherit\">Payments at the booths can only be made by credit card.\/span&gt;<\/p>\t\t\t\t\t\t\t\t<\/div>\n\t\t\t\t<\/div>\n\t\t<div class=\"elementor-element elementor-element-8baed5d e-con-full e-flex e-con e-child\" data-id=\"8baed5d\" data-element_type=\"container\" data-e-type=\"container\">\n\t\t\t\t<div class=\"elementor-element elementor-element-149db60 elementor-widget elementor-widget-image\" data-id=\"149db60\" data-element_type=\"widget\" data-e-type=\"widget\" data-widget_type=\"image.default\">\n\t\t\t\t\t\t\t\t\t\t\t\t\t\t\t<img fetchpriority=\"high\" decoding=\"async\" width=\"1000\" height=\"667\" src=\"https:\/\/ginmarket.hu\/wp-content\/uploads\/2026\/02\/ginmarket-budapest-galeria-14.webp\" class=\"attachment-large size-large wp-image-256\" alt=\"ginmarket budapest galeria 14\" srcset=\"https:\/\/ginmarket.hu\/wp-content\/uploads\/2026\/02\/ginmarket-budapest-galeria-14.webp 1000w, https:\/\/ginmarket.hu\/wp-content\/uploads\/2026\/02\/ginmarket-budapest-galeria-14-768x512.webp 768w, https:\/\/ginmarket.hu\/wp-content\/uploads\/2026\/02\/ginmarket-budapest-galeria-14-18x12.webp 18w\" sizes=\"(max-width: 1000px) 100vw, 1000px\" \/>\t\t\t\t\t\t\t\t\t\t\t\t\t\t\t<\/div>\n\t\t\t\t<\/div>\n\t\t\t\t\t<\/div>\n\t\t\t\t<\/div>\n\t\t<div class=\"elementor-element elementor-element-f11774e e-flex e-con-boxed e-con e-parent\" data-id=\"f11774e\" data-element_type=\"container\" data-e-type=\"container\">\n\t\t\t\t\t<div class=\"e-con-inner\">\n\t\t<div class=\"elementor-element elementor-element-d1758fd e-con-full e-flex e-con e-child\" data-id=\"d1758fd\" data-element_type=\"container\" data-e-type=\"container\">\n\t\t\t\t<div class=\"elementor-element elementor-element-aeebb51 elementor-widget elementor-widget-image\" data-id=\"aeebb51\" data-element_type=\"widget\" data-e-type=\"widget\" data-widget_type=\"image.default\">\n\t\t\t\t\t\t\t\t\t\t\t\t\t\t\t<img decoding=\"async\" width=\"1000\" height=\"563\" src=\"https:\/\/ginmarket.hu\/wp-content\/uploads\/2026\/02\/ginmarket-budapest-galeria-29.webp\" class=\"attachment-large size-large wp-image-272\" alt=\"ginmarket budapest galeria 29\" srcset=\"https:\/\/ginmarket.hu\/wp-content\/uploads\/2026\/02\/ginmarket-budapest-galeria-29.webp 1000w, https:\/\/ginmarket.hu\/wp-content\/uploads\/2026\/02\/ginmarket-budapest-galeria-29-768x432.webp 768w, https:\/\/ginmarket.hu\/wp-content\/uploads\/2026\/02\/ginmarket-budapest-galeria-29-18x10.webp 18w\" sizes=\"(max-width: 1000px) 100vw, 1000px\" \/>\t\t\t\t\t\t\t\t\t\t\t\t\t\t\t<\/div>\n\t\t\t\t<\/div>\n\t\t<div class=\"elementor-element elementor-element-adf2f90 e-con-full e-flex e-con e-child\" data-id=\"adf2f90\" data-element_type=\"container\" data-e-type=\"container\">\n\t\t\t\t<div class=\"elementor-element elementor-element-5595db5 elementor-widget elementor-widget-heading\" data-id=\"5595db5\" data-element_type=\"widget\" data-e-type=\"widget\" data-widget_type=\"heading.default\">\n\t\t\t\t\t<h3 class=\"elementor-heading-title elementor-size-default translation-block\">Environmentally conscious<br>use of cups<\/h3>\t\t\t\t<\/div>\n\t\t\t\t<div class=\"elementor-element elementor-element-6d981e5 elementor-widget elementor-widget-text-editor\" data-id=\"6d981e5\" data-element_type=\"widget\" data-e-type=\"widget\" data-widget_type=\"text-editor.default\">\n\t\t\t\t\t\t\t\t\t<p class=\"font_8 wixui-rich-text__text\"><span class=\"wixui-rich-text__text\">At Gin Market, we are moving away from disposable cups and toward eco-friendly alternatives in order to minimize waste.<\/span><br class=\"wixui-rich-text__text\" \/>\u00a0<br \/><span class=\"wixui-rich-text__text\">Gin Market Budapest\u2019s smart ReCup is reusable and washable, which can reduce waste generated at the event by up to 80%, thereby lowering the environmental impact.<\/span><\/p>\t\t\t\t\t\t\t\t<\/div>\n\t\t\t\t<\/div>\n\t\t\t\t\t<\/div>\n\t\t\t\t<\/div>\n\t\t\t\t<\/div>","protected":false},"excerpt":{"rendered":"<p>Ind\u00edtsuk egy\u00fctt a nyarat 2026-ban is! A Gin Market Budapest 2022-ben indult azzal a c\u00e9llal, hogy \u00faj megk\u00f6zel\u00edt\u00e9st adjon a [&hellip;]<\/p>\n","protected":false},"author":1,"featured_media":0,"parent":0,"menu_order":0,"comment_status":"closed","ping_status":"closed","template":"","meta":{"site-sidebar-layout":"no-sidebar","site-content-layout":"","ast-site-content-layout":"full-width-container","site-content-style":"default","site-sidebar-style":"default","ast-global-header-display":"","ast-banner-title-visibility":"","ast-main-header-display":"","ast-hfb-above-header-display":"","ast-hfb-below-header-display":"","ast-hfb-mobile-header-display":"","site-post-title":"","ast-breadcrumbs-content":"","ast-featured-img":"disabled","footer-sml-layout":"","ast-disable-related-posts":"","theme-transparent-header-meta":"default","adv-header-id-meta":"","stick-header-meta":"","header-above-stick-meta":"","header-main-stick-meta":"","header-below-stick-meta":"","astra-migrate-meta-layouts":"set","ast-page-background-enabled":"default","ast-page-background-meta":{"desktop":{"background-color":"var(--ast-global-color-5)","background-image":"","background-repeat":"repeat","background-position":"center center","background-size":"auto","background-attachment":"scroll","background-type":"","background-media":"","overlay-type":"","overlay-color":"","overlay-opacity":"","overlay-gradient":""},"tablet":{"background-color":"","background-image":"","background-repeat":"repeat","background-position":"center center","background-size":"auto","background-attachment":"scroll","background-type":"","background-media":"","overlay-type":"","overlay-color":"","overlay-opacity":"","overlay-gradient":""},"mobile":{"background-color":"","background-image":"","background-repeat":"repeat","background-position":"center center","background-size":"auto","background-attachment":"scroll","background-type":"","background-media":"","overlay-type":"","overlay-color":"","overlay-opacity":"","overlay-gradient":""}},"ast-content-background-meta":{"desktop":{"background-color":"var(--ast-global-color-4)","background-image":"","background-repeat":"repeat","background-position":"center center","background-size":"auto","background-attachment":"scroll","background-type":"","background-media":"","overlay-type":"","overlay-color":"","overlay-opacity":"","overlay-gradient":""},"tablet":{"background-color":"var(--ast-global-color-4)","background-image":"","background-repeat":"repeat","background-position":"center center","background-size":"auto","background-attachment":"scroll","background-type":"","background-media":"","overlay-type":"","overlay-color":"","overlay-opacity":"","overlay-gradient":""},"mobile":{"background-color":"var(--ast-global-color-4)","background-image":"","background-repeat":"repeat","background-position":"center center","background-size":"auto","background-attachment":"scroll","background-type":"","background-media":"","overlay-type":"","overlay-color":"","overlay-opacity":"","overlay-gradient":""}},"footnotes":""},"class_list":["post-29","page","type-page","status-publish","hentry"],"yoast_head":"<!-- This site is optimized with the Yoast SEO plugin v27.3 - https:\/\/yoast.com\/product\/yoast-seo-wordpress\/ -->\n<title>Inform\u00e1ci\u00f3k - Ginmarket<\/title>\n<meta name=\"robots\" content=\"index, follow, max-snippet:-1, max-image-preview:large, max-video-preview:-1\" \/>\n<link rel=\"canonical\" href=\"https:\/\/ginmarket.hu\/en\/informaciok\/\" \/>\n<meta property=\"og:locale\" content=\"en_GB\" \/>\n<meta property=\"og:type\" content=\"article\" \/>\n<meta property=\"og:title\" content=\"Inform\u00e1ci\u00f3k - Ginmarket\" \/>\n<meta property=\"og:description\" content=\"Ind\u00edtsuk egy\u00fctt a nyarat 2026-ban is! A Gin Market Budapest 2022-ben indult azzal a c\u00e9llal, hogy \u00faj megk\u00f6zel\u00edt\u00e9st adjon a [&hellip;]\" \/>\n<meta property=\"og:url\" content=\"https:\/\/ginmarket.hu\/en\/informaciok\/\" \/>\n<meta property=\"og:site_name\" content=\"Ginmarket\" \/>\n<meta property=\"article:modified_time\" content=\"2026-04-08T15:22:58+00:00\" \/>\n<meta property=\"og:image\" content=\"https:\/\/ginmarket.hu\/wp-content\/uploads\/2026\/02\/ginmarket-budapest-galeria-14.webp\" \/>\n<meta name=\"twitter:card\" content=\"summary_large_image\" \/>\n<meta name=\"twitter:label1\" content=\"Estimated reading time\" \/>\n\t<meta name=\"twitter:data1\" content=\"2 minutes\" \/>\n<script type=\"application\/ld+json\" class=\"yoast-schema-graph\">{\"@context\":\"https:\\\/\\\/schema.org\",\"@graph\":[{\"@type\":\"WebPage\",\"@id\":\"https:\\\/\\\/ginmarket.hu\\\/informaciok\\\/\",\"url\":\"https:\\\/\\\/ginmarket.hu\\\/informaciok\\\/\",\"name\":\"Inform\u00e1ci\u00f3k - Ginmarket\",\"isPartOf\":{\"@id\":\"https:\\\/\\\/ginmarket.hu\\\/#website\"},\"primaryImageOfPage\":{\"@id\":\"https:\\\/\\\/ginmarket.hu\\\/informaciok\\\/#primaryimage\"},\"image\":{\"@id\":\"https:\\\/\\\/ginmarket.hu\\\/informaciok\\\/#primaryimage\"},\"thumbnailUrl\":\"https:\\\/\\\/ginmarket.hu\\\/wp-content\\\/uploads\\\/2026\\\/02\\\/ginmarket-budapest-galeria-14.webp\",\"datePublished\":\"2026-02-17T19:16:43+00:00\",\"dateModified\":\"2026-04-08T15:22:58+00:00\",\"breadcrumb\":{\"@id\":\"https:\\\/\\\/ginmarket.hu\\\/informaciok\\\/#breadcrumb\"},\"inLanguage\":\"en-GB\",\"potentialAction\":[{\"@type\":\"ReadAction\",\"target\":[\"https:\\\/\\\/ginmarket.hu\\\/informaciok\\\/\"]}]},{\"@type\":\"ImageObject\",\"inLanguage\":\"en-GB\",\"@id\":\"https:\\\/\\\/ginmarket.hu\\\/informaciok\\\/#primaryimage\",\"url\":\"https:\\\/\\\/ginmarket.hu\\\/wp-content\\\/uploads\\\/2026\\\/02\\\/ginmarket-budapest-galeria-14.webp\",\"contentUrl\":\"https:\\\/\\\/ginmarket.hu\\\/wp-content\\\/uploads\\\/2026\\\/02\\\/ginmarket-budapest-galeria-14.webp\"},{\"@type\":\"BreadcrumbList\",\"@id\":\"https:\\\/\\\/ginmarket.hu\\\/informaciok\\\/#breadcrumb\",\"itemListElement\":[{\"@type\":\"ListItem\",\"position\":1,\"name\":\"Home\",\"item\":\"https:\\\/\\\/ginmarket.hu\\\/\"},{\"@type\":\"ListItem\",\"position\":2,\"name\":\"Inform\u00e1ci\u00f3k\"}]},{\"@type\":\"WebSite\",\"@id\":\"https:\\\/\\\/ginmarket.hu\\\/#website\",\"url\":\"https:\\\/\\\/ginmarket.hu\\\/\",\"name\":\"Ginmarket\",\"description\":\"\",\"publisher\":{\"@id\":\"https:\\\/\\\/ginmarket.hu\\\/#organization\"},\"potentialAction\":[{\"@type\":\"SearchAction\",\"target\":{\"@type\":\"EntryPoint\",\"urlTemplate\":\"https:\\\/\\\/ginmarket.hu\\\/?s={search_term_string}\"},\"query-input\":{\"@type\":\"PropertyValueSpecification\",\"valueRequired\":true,\"valueName\":\"search_term_string\"}}],\"inLanguage\":\"en-GB\"},{\"@type\":\"Organization\",\"@id\":\"https:\\\/\\\/ginmarket.hu\\\/#organization\",\"name\":\"Ginmarket\",\"url\":\"https:\\\/\\\/ginmarket.hu\\\/\",\"logo\":{\"@type\":\"ImageObject\",\"inLanguage\":\"en-GB\",\"@id\":\"https:\\\/\\\/ginmarket.hu\\\/#\\\/schema\\\/logo\\\/image\\\/\",\"url\":\"https:\\\/\\\/ginmarket.hu\\\/wp-content\\\/uploads\\\/2026\\\/02\\\/ginmarket-logo-white-keret-01.svg\",\"contentUrl\":\"https:\\\/\\\/ginmarket.hu\\\/wp-content\\\/uploads\\\/2026\\\/02\\\/ginmarket-logo-white-keret-01.svg\",\"width\":235,\"height\":235,\"caption\":\"Ginmarket\"},\"image\":{\"@id\":\"https:\\\/\\\/ginmarket.hu\\\/#\\\/schema\\\/logo\\\/image\\\/\"}}]}<\/script>\n<!-- \/ Yoast SEO plugin. -->","yoast_head_json":{"title":"Inform\u00e1ci\u00f3k - Ginmarket","robots":{"index":"index","follow":"follow","max-snippet":"max-snippet:-1","max-image-preview":"max-image-preview:large","max-video-preview":"max-video-preview:-1"},"canonical":"https:\/\/ginmarket.hu\/en\/informaciok\/","og_locale":"en_GB","og_type":"article","og_title":"Inform\u00e1ci\u00f3k - Ginmarket","og_description":"Ind\u00edtsuk egy\u00fctt a nyarat 2026-ban is! A Gin Market Budapest 2022-ben indult azzal a c\u00e9llal, hogy \u00faj megk\u00f6zel\u00edt\u00e9st adjon a [&hellip;]","og_url":"https:\/\/ginmarket.hu\/en\/informaciok\/","og_site_name":"Ginmarket","article_modified_time":"2026-04-08T15:22:58+00:00","og_image":[{"url":"https:\/\/ginmarket.hu\/wp-content\/uploads\/2026\/02\/ginmarket-budapest-galeria-14.webp","type":"","width":"","height":""}],"twitter_card":"summary_large_image","twitter_misc":{"Estimated reading time":"2 minutes"},"schema":{"@context":"https:\/\/schema.org","@graph":[{"@type":"WebPage","@id":"https:\/\/ginmarket.hu\/informaciok\/","url":"https:\/\/ginmarket.hu\/informaciok\/","name":"Inform\u00e1ci\u00f3k - Ginmarket","isPartOf":{"@id":"https:\/\/ginmarket.hu\/#website"},"primaryImageOfPage":{"@id":"https:\/\/ginmarket.hu\/informaciok\/#primaryimage"},"image":{"@id":"https:\/\/ginmarket.hu\/informaciok\/#primaryimage"},"thumbnailUrl":"https:\/\/ginmarket.hu\/wp-content\/uploads\/2026\/02\/ginmarket-budapest-galeria-14.webp","datePublished":"2026-02-17T19:16:43+00:00","dateModified":"2026-04-08T15:22:58+00:00","breadcrumb":{"@id":"https:\/\/ginmarket.hu\/informaciok\/#breadcrumb"},"inLanguage":"en-GB","potentialAction":[{"@type":"ReadAction","target":["https:\/\/ginmarket.hu\/informaciok\/"]}]},{"@type":"ImageObject","inLanguage":"en-GB","@id":"https:\/\/ginmarket.hu\/informaciok\/#primaryimage","url":"https:\/\/ginmarket.hu\/wp-content\/uploads\/2026\/02\/ginmarket-budapest-galeria-14.webp","contentUrl":"https:\/\/ginmarket.hu\/wp-content\/uploads\/2026\/02\/ginmarket-budapest-galeria-14.webp"},{"@type":"BreadcrumbList","@id":"https:\/\/ginmarket.hu\/informaciok\/#breadcrumb","itemListElement":[{"@type":"ListItem","position":1,"name":"Home","item":"https:\/\/ginmarket.hu\/"},{"@type":"ListItem","position":2,"name":"Inform\u00e1ci\u00f3k"}]},{"@type":"WebSite","@id":"https:\/\/ginmarket.hu\/#website","url":"https:\/\/ginmarket.hu\/","name":"Ginmarket","description":"","publisher":{"@id":"https:\/\/ginmarket.hu\/#organization"},"potentialAction":[{"@type":"SearchAction","target":{"@type":"EntryPoint","urlTemplate":"https:\/\/ginmarket.hu\/?s={search_term_string}"},"query-input":{"@type":"PropertyValueSpecification","valueRequired":true,"valueName":"search_term_string"}}],"inLanguage":"en-GB"},{"@type":"Organization","@id":"https:\/\/ginmarket.hu\/#organization","name":"Ginmarket","url":"https:\/\/ginmarket.hu\/","logo":{"@type":"ImageObject","inLanguage":"en-GB","@id":"https:\/\/ginmarket.hu\/#\/schema\/logo\/image\/","url":"https:\/\/ginmarket.hu\/wp-content\/uploads\/2026\/02\/ginmarket-logo-white-keret-01.svg","contentUrl":"https:\/\/ginmarket.hu\/wp-content\/uploads\/2026\/02\/ginmarket-logo-white-keret-01.svg","width":235,"height":235,"caption":"Ginmarket"},"image":{"@id":"https:\/\/ginmarket.hu\/#\/schema\/logo\/image\/"}}]}},"_links":{"self":[{"href":"https:\/\/ginmarket.hu\/en\/wp-json\/wp\/v2\/pages\/29","targetHints":{"allow":["GET"]}}],"collection":[{"href":"https:\/\/ginmarket.hu\/en\/wp-json\/wp\/v2\/pages"}],"about":[{"href":"https:\/\/ginmarket.hu\/en\/wp-json\/wp\/v2\/types\/page"}],"author":[{"embeddable":true,"href":"https:\/\/ginmarket.hu\/en\/wp-json\/wp\/v2\/users\/1"}],"replies":[{"embeddable":true,"href":"https:\/\/ginmarket.hu\/en\/wp-json\/wp\/v2\/comments?post=29"}],"version-history":[{"count":19,"href":"https:\/\/ginmarket.hu\/en\/wp-json\/wp\/v2\/pages\/29\/revisions"}],"predecessor-version":[{"id":459,"href":"https:\/\/ginmarket.hu\/en\/wp-json\/wp\/v2\/pages\/29\/revisions\/459"}],"wp:attachment":[{"href":"https:\/\/ginmarket.hu\/en\/wp-json\/wp\/v2\/media?parent=29"}],"curies":[{"name":"wp","href":"https:\/\/api.w.org\/{rel}","templated":true}]}}