{"id":31,"date":"2026-02-17T19:16:52","date_gmt":"2026-02-17T19:16:52","guid":{"rendered":"https:\/\/ginmarket.hu\/?page_id=31"},"modified":"2026-04-08T15:56:38","modified_gmt":"2026-04-08T15:56:38","slug":"program","status":"publish","type":"page","link":"https:\/\/ginmarket.hu\/en\/program\/","title":{"rendered":"Program"},"content":{"rendered":"<div data-elementor-type=\"wp-page\" data-elementor-id=\"31\" class=\"elementor elementor-31\" data-elementor-post-type=\"page\">\n\t\t\t\t<div class=\"elementor-element elementor-element-c8be970 e-con-full e-flex e-con e-parent\" data-id=\"c8be970\" data-element_type=\"container\" data-e-type=\"container\" data-settings=\"{&quot;background_background&quot;:&quot;classic&quot;}\">\n\t\t<div class=\"elementor-element elementor-element-2e2a2d3 e-grid e-con-boxed e-con e-child\" data-id=\"2e2a2d3\" data-element_type=\"container\" data-e-type=\"container\">\n\t\t\t\t\t<div class=\"e-con-inner\">\n\t\t\t\t\t<\/div>\n\t\t\t\t<\/div>\n\t\t\t\t<\/div>\n\t\t<div class=\"elementor-element elementor-element-c18b114 e-con-full e-flex e-con e-parent\" data-id=\"c18b114\" data-element_type=\"container\" data-e-type=\"container\">\n\t\t\t\t<div class=\"elementor-element elementor-element-b2c0c48 elementor-widget-divider--view-line_text elementor-widget-divider--element-align-center elementor-widget elementor-widget-divider\" data-id=\"b2c0c48\" data-element_type=\"widget\" data-e-type=\"widget\" data-widget_type=\"divider.default\">\n\t\t\t\t\t\t\t<div class=\"elementor-divider\">\n\t\t\t<span class=\"elementor-divider-separator\">\n\t\t\t\t\t\t<\/span>\n\t\t<\/div>\n\t\t\t\t\t\t<\/div>\n\t\t\t\t<\/div>\n\t\t<div class=\"elementor-element elementor-element-4fc7256 e-flex e-con-boxed e-con e-parent\" data-id=\"4fc7256\" data-element_type=\"container\" data-e-type=\"container\">\n\t\t\t\t\t<div class=\"e-con-inner\">\n\t\t<div class=\"elementor-element elementor-element-f58191e e-con-full e-flex e-con e-child\" data-id=\"f58191e\" data-element_type=\"container\" data-e-type=\"container\">\n\t\t\t\t<div class=\"elementor-element elementor-element-27e2a8f elementor-position-top elementor-widget elementor-widget-image-box\" data-id=\"27e2a8f\" data-element_type=\"widget\" data-e-type=\"widget\" data-widget_type=\"image-box.default\">\n\t\t\t\t\t<div class=\"elementor-image-box-wrapper\"><figure class=\"elementor-image-box-img\"><img fetchpriority=\"high\" decoding=\"async\" width=\"500\" height=\"500\" src=\"https:\/\/ginmarket.hu\/wp-content\/uploads\/2026\/04\/Makszim-01.webp\" class=\"attachment-full size-full wp-image-359\" alt=\"Makszim 01\" srcset=\"https:\/\/ginmarket.hu\/wp-content\/uploads\/2026\/04\/Makszim-01.webp 500w, https:\/\/ginmarket.hu\/wp-content\/uploads\/2026\/04\/Makszim-01-150x150.webp 150w, https:\/\/ginmarket.hu\/wp-content\/uploads\/2026\/04\/Makszim-01-12x12.webp 12w\" sizes=\"(max-width: 500px) 100vw, 500px\" \/><\/figure><div class=\"elementor-image-box-content\"><h3 class=\"elementor-image-box-title\">Makszim<\/h3><p class=\"elementor-image-box-description\">Friday, July 12, 2026<br>18:00<\/p><\/div><\/div>\t\t\t\t<\/div>\n\t\t\t\t<\/div>\n\t\t<div class=\"elementor-element elementor-element-7cdbcc9 e-con-full e-flex e-con e-child\" data-id=\"7cdbcc9\" data-element_type=\"container\" data-e-type=\"container\">\n\t\t\t\t<div class=\"elementor-element elementor-element-75841de elementor-position-top elementor-widget elementor-widget-image-box\" data-id=\"75841de\" data-element_type=\"widget\" data-e-type=\"widget\" data-widget_type=\"image-box.default\">\n\t\t\t\t\t<div class=\"elementor-image-box-wrapper\"><figure class=\"elementor-image-box-img\"><img decoding=\"async\" width=\"500\" height=\"500\" src=\"https:\/\/ginmarket.hu\/wp-content\/uploads\/2026\/03\/RakonczaiImre4258-scaled-1.webp\" class=\"attachment-full size-full wp-image-295\" alt=\"RakonczaiImre4258 scaled\" srcset=\"https:\/\/ginmarket.hu\/wp-content\/uploads\/2026\/03\/RakonczaiImre4258-scaled-1.webp 500w, https:\/\/ginmarket.hu\/wp-content\/uploads\/2026\/03\/RakonczaiImre4258-scaled-1-150x150.webp 150w, https:\/\/ginmarket.hu\/wp-content\/uploads\/2026\/03\/RakonczaiImre4258-scaled-1-12x12.webp 12w\" sizes=\"(max-width: 500px) 100vw, 500px\" \/><\/figure><div class=\"elementor-image-box-content\"><h3 class=\"elementor-image-box-title\">Rakonczai Imre<\/h3><p class=\"elementor-image-box-description\">Saturday, July 13, 2026<br>20:00<\/p><\/div><\/div>\t\t\t\t<\/div>\n\t\t\t\t<\/div>\n\t\t<div class=\"elementor-element elementor-element-a927c24 e-con-full e-flex e-con e-child\" data-id=\"a927c24\" data-element_type=\"container\" data-e-type=\"container\">\n\t\t\t\t<\/div>\n\t\t\t\t\t<\/div>\n\t\t\t\t<\/div>\n\t\t\t\t<\/div>","protected":false},"excerpt":{"rendered":"<p>Makszim 2026. j\u00falius 12. p\u00e9ntek18:00 Rakonczai Imre 2026. j\u00falius 13. szombat20:00<\/p>","protected":false},"author":1,"featured_media":0,"parent":0,"menu_order":0,"comment_status":"closed","ping_status":"closed","template":"","meta":{"site-sidebar-layout":"no-sidebar","site-content-layout":"","ast-site-content-layout":"full-width-container","site-content-style":"default","site-sidebar-style":"default","ast-global-header-display":"","ast-banner-title-visibility":"","ast-main-header-display":"","ast-hfb-above-header-display":"","ast-hfb-below-header-display":"","ast-hfb-mobile-header-display":"","site-post-title":"","ast-breadcrumbs-content":"","ast-featured-img":"disabled","footer-sml-layout":"","ast-disable-related-posts":"","theme-transparent-header-meta":"default","adv-header-id-meta":"","stick-header-meta":"","header-above-stick-meta":"","header-main-stick-meta":"","header-below-stick-meta":"","astra-migrate-meta-layouts":"set","ast-page-background-enabled":"default","ast-page-background-meta":{"desktop":{"background-color":"var(--ast-global-color-5)","background-image":"","background-repeat":"repeat","background-position":"center center","background-size":"auto","background-attachment":"scroll","background-type":"","background-media":"","overlay-type":"","overlay-color":"","overlay-opacity":"","overlay-gradient":""},"tablet":{"background-color":"","background-image":"","background-repeat":"repeat","background-position":"center center","background-size":"auto","background-attachment":"scroll","background-type":"","background-media":"","overlay-type":"","overlay-color":"","overlay-opacity":"","overlay-gradient":""},"mobile":{"background-color":"","background-image":"","background-repeat":"repeat","background-position":"center center","background-size":"auto","background-attachment":"scroll","background-type":"","background-media":"","overlay-type":"","overlay-color":"","overlay-opacity":"","overlay-gradient":""}},"ast-content-background-meta":{"desktop":{"background-color":"var(--ast-global-color-4)","background-image":"","background-repeat":"repeat","background-position":"center center","background-size":"auto","background-attachment":"scroll","background-type":"","background-media":"","overlay-type":"","overlay-color":"","overlay-opacity":"","overlay-gradient":""},"tablet":{"background-color":"var(--ast-global-color-4)","background-image":"","background-repeat":"repeat","background-position":"center center","background-size":"auto","background-attachment":"scroll","background-type":"","background-media":"","overlay-type":"","overlay-color":"","overlay-opacity":"","overlay-gradient":""},"mobile":{"background-color":"var(--ast-global-color-4)","background-image":"","background-repeat":"repeat","background-position":"center center","background-size":"auto","background-attachment":"scroll","background-type":"","background-media":"","overlay-type":"","overlay-color":"","overlay-opacity":"","overlay-gradient":""}},"footnotes":""},"class_list":["post-31","page","type-page","status-publish","hentry"],"yoast_head":"<!-- This site is optimized with the Yoast SEO plugin v27.3 - https:\/\/yoast.com\/product\/yoast-seo-wordpress\/ -->\n<title>Program - Ginmarket<\/title>\n<meta name=\"robots\" content=\"index, follow, max-snippet:-1, max-image-preview:large, max-video-preview:-1\" \/>\n<link rel=\"canonical\" href=\"https:\/\/ginmarket.hu\/en\/program\/\" \/>\n<meta property=\"og:locale\" content=\"en_GB\" \/>\n<meta property=\"og:type\" content=\"article\" \/>\n<meta property=\"og:title\" content=\"Program - Ginmarket\" \/>\n<meta property=\"og:description\" content=\"Makszim 2026. j\u00falius 12. p\u00e9ntek18:00 Rakonczai Imre 2026. j\u00falius 13. szombat20:00\" \/>\n<meta property=\"og:url\" content=\"https:\/\/ginmarket.hu\/en\/program\/\" \/>\n<meta property=\"og:site_name\" content=\"Ginmarket\" \/>\n<meta property=\"article:modified_time\" content=\"2026-04-08T15:56:38+00:00\" \/>\n<meta property=\"og:image\" content=\"https:\/\/ginmarket.hu\/wp-content\/uploads\/2026\/04\/Makszim-01.webp\" \/>\n<meta name=\"twitter:card\" content=\"summary_large_image\" \/>\n<meta name=\"twitter:label1\" content=\"Estimated reading time\" \/>\n\t<meta name=\"twitter:data1\" content=\"1 minute\" \/>\n<script type=\"application\/ld+json\" class=\"yoast-schema-graph\">{\"@context\":\"https:\\\/\\\/schema.org\",\"@graph\":[{\"@type\":\"WebPage\",\"@id\":\"https:\\\/\\\/ginmarket.hu\\\/program\\\/\",\"url\":\"https:\\\/\\\/ginmarket.hu\\\/program\\\/\",\"name\":\"Program - Ginmarket\",\"isPartOf\":{\"@id\":\"https:\\\/\\\/ginmarket.hu\\\/#website\"},\"primaryImageOfPage\":{\"@id\":\"https:\\\/\\\/ginmarket.hu\\\/program\\\/#primaryimage\"},\"image\":{\"@id\":\"https:\\\/\\\/ginmarket.hu\\\/program\\\/#primaryimage\"},\"thumbnailUrl\":\"https:\\\/\\\/ginmarket.hu\\\/wp-content\\\/uploads\\\/2026\\\/04\\\/Makszim-01.webp\",\"datePublished\":\"2026-02-17T19:16:52+00:00\",\"dateModified\":\"2026-04-08T15:56:38+00:00\",\"breadcrumb\":{\"@id\":\"https:\\\/\\\/ginmarket.hu\\\/program\\\/#breadcrumb\"},\"inLanguage\":\"en-GB\",\"potentialAction\":[{\"@type\":\"ReadAction\",\"target\":[\"https:\\\/\\\/ginmarket.hu\\\/program\\\/\"]}]},{\"@type\":\"ImageObject\",\"inLanguage\":\"en-GB\",\"@id\":\"https:\\\/\\\/ginmarket.hu\\\/program\\\/#primaryimage\",\"url\":\"https:\\\/\\\/ginmarket.hu\\\/wp-content\\\/uploads\\\/2026\\\/04\\\/Makszim-01.webp\",\"contentUrl\":\"https:\\\/\\\/ginmarket.hu\\\/wp-content\\\/uploads\\\/2026\\\/04\\\/Makszim-01.webp\"},{\"@type\":\"BreadcrumbList\",\"@id\":\"https:\\\/\\\/ginmarket.hu\\\/program\\\/#breadcrumb\",\"itemListElement\":[{\"@type\":\"ListItem\",\"position\":1,\"name\":\"Home\",\"item\":\"https:\\\/\\\/ginmarket.hu\\\/\"},{\"@type\":\"ListItem\",\"position\":2,\"name\":\"Program\"}]},{\"@type\":\"WebSite\",\"@id\":\"https:\\\/\\\/ginmarket.hu\\\/#website\",\"url\":\"https:\\\/\\\/ginmarket.hu\\\/\",\"name\":\"Ginmarket\",\"description\":\"\",\"publisher\":{\"@id\":\"https:\\\/\\\/ginmarket.hu\\\/#organization\"},\"potentialAction\":[{\"@type\":\"SearchAction\",\"target\":{\"@type\":\"EntryPoint\",\"urlTemplate\":\"https:\\\/\\\/ginmarket.hu\\\/?s={search_term_string}\"},\"query-input\":{\"@type\":\"PropertyValueSpecification\",\"valueRequired\":true,\"valueName\":\"search_term_string\"}}],\"inLanguage\":\"en-GB\"},{\"@type\":\"Organization\",\"@id\":\"https:\\\/\\\/ginmarket.hu\\\/#organization\",\"name\":\"Ginmarket\",\"url\":\"https:\\\/\\\/ginmarket.hu\\\/\",\"logo\":{\"@type\":\"ImageObject\",\"inLanguage\":\"en-GB\",\"@id\":\"https:\\\/\\\/ginmarket.hu\\\/#\\\/schema\\\/logo\\\/image\\\/\",\"url\":\"https:\\\/\\\/ginmarket.hu\\\/wp-content\\\/uploads\\\/2026\\\/02\\\/ginmarket-logo-white-keret-01.svg\",\"contentUrl\":\"https:\\\/\\\/ginmarket.hu\\\/wp-content\\\/uploads\\\/2026\\\/02\\\/ginmarket-logo-white-keret-01.svg\",\"width\":235,\"height\":235,\"caption\":\"Ginmarket\"},\"image\":{\"@id\":\"https:\\\/\\\/ginmarket.hu\\\/#\\\/schema\\\/logo\\\/image\\\/\"}}]}<\/script>\n<!-- \/ Yoast SEO plugin. -->","yoast_head_json":{"title":"Program - Ginmarket","robots":{"index":"index","follow":"follow","max-snippet":"max-snippet:-1","max-image-preview":"max-image-preview:large","max-video-preview":"max-video-preview:-1"},"canonical":"https:\/\/ginmarket.hu\/en\/program\/","og_locale":"en_GB","og_type":"article","og_title":"Program - Ginmarket","og_description":"Makszim 2026. j\u00falius 12. p\u00e9ntek18:00 Rakonczai Imre 2026. j\u00falius 13. szombat20:00","og_url":"https:\/\/ginmarket.hu\/en\/program\/","og_site_name":"Ginmarket","article_modified_time":"2026-04-08T15:56:38+00:00","og_image":[{"url":"https:\/\/ginmarket.hu\/wp-content\/uploads\/2026\/04\/Makszim-01.webp","type":"","width":"","height":""}],"twitter_card":"summary_large_image","twitter_misc":{"Estimated reading time":"1 minute"},"schema":{"@context":"https:\/\/schema.org","@graph":[{"@type":"WebPage","@id":"https:\/\/ginmarket.hu\/program\/","url":"https:\/\/ginmarket.hu\/program\/","name":"Program - Ginmarket","isPartOf":{"@id":"https:\/\/ginmarket.hu\/#website"},"primaryImageOfPage":{"@id":"https:\/\/ginmarket.hu\/program\/#primaryimage"},"image":{"@id":"https:\/\/ginmarket.hu\/program\/#primaryimage"},"thumbnailUrl":"https:\/\/ginmarket.hu\/wp-content\/uploads\/2026\/04\/Makszim-01.webp","datePublished":"2026-02-17T19:16:52+00:00","dateModified":"2026-04-08T15:56:38+00:00","breadcrumb":{"@id":"https:\/\/ginmarket.hu\/program\/#breadcrumb"},"inLanguage":"en-GB","potentialAction":[{"@type":"ReadAction","target":["https:\/\/ginmarket.hu\/program\/"]}]},{"@type":"ImageObject","inLanguage":"en-GB","@id":"https:\/\/ginmarket.hu\/program\/#primaryimage","url":"https:\/\/ginmarket.hu\/wp-content\/uploads\/2026\/04\/Makszim-01.webp","contentUrl":"https:\/\/ginmarket.hu\/wp-content\/uploads\/2026\/04\/Makszim-01.webp"},{"@type":"BreadcrumbList","@id":"https:\/\/ginmarket.hu\/program\/#breadcrumb","itemListElement":[{"@type":"ListItem","position":1,"name":"Home","item":"https:\/\/ginmarket.hu\/"},{"@type":"ListItem","position":2,"name":"Program"}]},{"@type":"WebSite","@id":"https:\/\/ginmarket.hu\/#website","url":"https:\/\/ginmarket.hu\/","name":"Ginmarket","description":"","publisher":{"@id":"https:\/\/ginmarket.hu\/#organization"},"potentialAction":[{"@type":"SearchAction","target":{"@type":"EntryPoint","urlTemplate":"https:\/\/ginmarket.hu\/?s={search_term_string}"},"query-input":{"@type":"PropertyValueSpecification","valueRequired":true,"valueName":"search_term_string"}}],"inLanguage":"en-GB"},{"@type":"Organization","@id":"https:\/\/ginmarket.hu\/#organization","name":"Ginmarket","url":"https:\/\/ginmarket.hu\/","logo":{"@type":"ImageObject","inLanguage":"en-GB","@id":"https:\/\/ginmarket.hu\/#\/schema\/logo\/image\/","url":"https:\/\/ginmarket.hu\/wp-content\/uploads\/2026\/02\/ginmarket-logo-white-keret-01.svg","contentUrl":"https:\/\/ginmarket.hu\/wp-content\/uploads\/2026\/02\/ginmarket-logo-white-keret-01.svg","width":235,"height":235,"caption":"Ginmarket"},"image":{"@id":"https:\/\/ginmarket.hu\/#\/schema\/logo\/image\/"}}]}},"_links":{"self":[{"href":"https:\/\/ginmarket.hu\/en\/wp-json\/wp\/v2\/pages\/31","targetHints":{"allow":["GET"]}}],"collection":[{"href":"https:\/\/ginmarket.hu\/en\/wp-json\/wp\/v2\/pages"}],"about":[{"href":"https:\/\/ginmarket.hu\/en\/wp-json\/wp\/v2\/types\/page"}],"author":[{"embeddable":true,"href":"https:\/\/ginmarket.hu\/en\/wp-json\/wp\/v2\/users\/1"}],"replies":[{"embeddable":true,"href":"https:\/\/ginmarket.hu\/en\/wp-json\/wp\/v2\/comments?post=31"}],"version-history":[{"count":19,"href":"https:\/\/ginmarket.hu\/en\/wp-json\/wp\/v2\/pages\/31\/revisions"}],"predecessor-version":[{"id":463,"href":"https:\/\/ginmarket.hu\/en\/wp-json\/wp\/v2\/pages\/31\/revisions\/463"}],"wp:attachment":[{"href":"https:\/\/ginmarket.hu\/en\/wp-json\/wp\/v2\/media?parent=31"}],"curies":[{"name":"wp","href":"https:\/\/api.w.org\/{rel}","templated":true}]}}